{"id":9600,"date":"2026-04-20T17:45:36","date_gmt":"2026-04-20T15:45:36","guid":{"rendered":"https:\/\/wittmunder-teehus.de\/wp-shop\/?post_type=product&#038;p=9600"},"modified":"2026-04-20T18:01:45","modified_gmt":"2026-04-20T16:01:45","slug":"der-becher-narzisse","status":"publish","type":"product","link":"https:\/\/wittmunder-teehus.de\/wp-shop\/produkt\/der-becher-narzisse\/","title":{"rendered":"Der Becher Narzisse"},"content":{"rendered":"<p>Der Becher Narzisse<br \/>\nMaterial: Porzellan<br \/>\nFarbe: weiss<br \/>\nMotiv: Ahoi Katze<br \/>\nFassungsverm\u00f6gen in ml: ca. 340 normale Einf\u00fcllmenge (Herstellerangabe 400ml)<br \/>\nH\u00f6he in mm: ca. 110<br \/>\nDurchmesser in mm: ca. (\u00d6ffnung oben von Rand zu Rand) 98 diagonal gemessen<br \/>\nProduktart \/ Verwendung: Porzellan, Becher, Tee, Kaffee etc.<\/p>\n","protected":false},"excerpt":{"rendered":"<p>Der Becher Narzisse Material: Porzellan Farbe: weiss Motiv: Ahoi Katze Fassungsverm\u00f6gen in ml: ca. 340 normale Einf\u00fcllmenge (Herstellerangabe 400ml) H\u00f6he in mm: ca. 110 Durchmesser in mm: ca. (\u00d6ffnung oben von Rand zu Rand) 98 diagonal gemessen Produktart \/ Verwendung: Porzellan, Becher, Tee, Kaffee etc.<\/p>\n","protected":false},"featured_media":9604,"comment_status":"closed","ping_status":"closed","template":"","meta":[],"product_brand":[],"product_cat":[33,32],"product_tag":[],"class_list":{"0":"post-9600","1":"product","2":"type-product","3":"status-publish","4":"has-post-thumbnail","6":"product_cat-becher-und-tassen","7":"product_cat-porzellan","9":"first","10":"instock","11":"taxable","12":"shipping-taxable","13":"purchasable","14":"product-type-simple"},"_links":{"self":[{"href":"https:\/\/wittmunder-teehus.de\/wp-shop\/wp-json\/wp\/v2\/product\/9600","targetHints":{"allow":["GET"]}}],"collection":[{"href":"https:\/\/wittmunder-teehus.de\/wp-shop\/wp-json\/wp\/v2\/product"}],"about":[{"href":"https:\/\/wittmunder-teehus.de\/wp-shop\/wp-json\/wp\/v2\/types\/product"}],"replies":[{"embeddable":true,"href":"https:\/\/wittmunder-teehus.de\/wp-shop\/wp-json\/wp\/v2\/comments?post=9600"}],"wp:featuredmedia":[{"embeddable":true,"href":"https:\/\/wittmunder-teehus.de\/wp-shop\/wp-json\/wp\/v2\/media\/9604"}],"wp:attachment":[{"href":"https:\/\/wittmunder-teehus.de\/wp-shop\/wp-json\/wp\/v2\/media?parent=9600"}],"wp:term":[{"taxonomy":"product_brand","embeddable":true,"href":"https:\/\/wittmunder-teehus.de\/wp-shop\/wp-json\/wp\/v2\/product_brand?post=9600"},{"taxonomy":"product_cat","embeddable":true,"href":"https:\/\/wittmunder-teehus.de\/wp-shop\/wp-json\/wp\/v2\/product_cat?post=9600"},{"taxonomy":"product_tag","embeddable":true,"href":"https:\/\/wittmunder-teehus.de\/wp-shop\/wp-json\/wp\/v2\/product_tag?post=9600"}],"curies":[{"name":"wp","href":"https:\/\/api.w.org\/{rel}","templated":true}]}}