{"id":9558,"date":"2026-03-18T19:04:58","date_gmt":"2026-03-18T18:04:58","guid":{"rendered":"https:\/\/wittmunder-teehus.de\/wp-shop\/?post_type=product&#038;p=9558"},"modified":"2026-03-18T19:12:29","modified_gmt":"2026-03-18T18:12:29","slug":"rosen-kandis","status":"publish","type":"product","link":"https:\/\/wittmunder-teehus.de\/wp-shop\/produkt\/rosen-kandis\/","title":{"rendered":"Rosen Kandis"},"content":{"rendered":"<p>Rosen Kandis<br \/>\nZutaten: Kandiszucker (64\u202f%), Rosenzubereitung (36\u202f%)[Invertzuckersirup,<br \/>\nnat\u00fcrliches Rosen-Aroma (0,36\u202f%), Farbstoff (E124)]<br \/>\nNettof\u00fcllmenge 250 g<\/p>\n<div class=\"product-detail-name-container\">\n<h4 class=\"product-detail-name\">Duftige Veredelung f\u00fcr Ihren Tee<\/h4>\n<\/div>\n<div class=\"product-detail-description\">\n<ul>\n<li>Wei\u00dfer Kandis mit zartem Rosenduft, der Ihrem Tee eine feine, blumige Note verleiht.<\/li>\n<li>Traditionell hergestellt in unserer eigenen Manufaktur mit viel Liebe zum Detail.<\/li>\n<li>Ideal f\u00fcr romantische Teestunden und als besonderes Geschenk f\u00fcr Genie\u00dfer.<\/li>\n<li>Perfekt f\u00fcr Tee, Punsch und andere Hei\u00dfgetr\u00e4nke, um ein Hauch von Eleganz hinzuzuf\u00fcgen.<\/li>\n<li>Hergestellt aus hochwertigen Zutaten, die f\u00fcr ihre Reinheit und Qualit\u00e4t bekannt sind.<\/li>\n<\/ul>\n<\/div>\n<p>N\u00e4hrwerte pro 100 g:<\/p>\n<table class=\"table table-striped product-detail-properties-table\">\n<tbody>\n<tr class=\"properties-row\">\n<th class=\"properties-label\" scope=\"row\" data-custom-field=\"custom_feinkostohnealkohol_nutritional_energy\">Energie<\/th>\n<td class=\"properties-value\">1.529 kJ\/ 360 kcal<\/td>\n<\/tr>\n<tr class=\"properties-row\">\n<th class=\"properties-label\" scope=\"row\" data-custom-field=\"custom_feinkostohnealkohol_nutritional_fat\">Fett<\/th>\n<td class=\"properties-value\">0 g<\/td>\n<\/tr>\n<tr class=\"properties-row\">\n<th class=\"properties-label\" scope=\"row\" data-custom-field=\"custom_feinkostohnealkohol_nutritional_saturatedfat\">Fett &#8211; davon ges\u00e4ttigte Fetts\u00e4uren<\/th>\n<td class=\"properties-value\">0 g<\/td>\n<\/tr>\n<tr class=\"properties-row\">\n<th class=\"properties-label\" scope=\"row\" data-custom-field=\"custom_feinkostohnealkohol_nutritional_carbohydrates\">Kohlenhydrate<\/th>\n<td class=\"properties-value\">90 g<\/td>\n<\/tr>\n<tr class=\"properties-row\">\n<th class=\"properties-label\" scope=\"row\" data-custom-field=\"custom_feinkostohnealkohol_nutritional_sugar\">Kohlenhydrate &#8211; davon Zucker<\/th>\n<td class=\"properties-value\">90 g<\/td>\n<\/tr>\n<tr class=\"properties-row\">\n<th class=\"properties-label\" scope=\"row\" data-custom-field=\"custom_feinkostohnealkohol_nutritional_protein\">Eiwei\u00df<\/th>\n<td class=\"properties-value\">0 g<\/td>\n<\/tr>\n<tr class=\"properties-row\">\n<th class=\"properties-label\" scope=\"row\" data-custom-field=\"custom_feinkostohnealkohol_nutritional_salt\">Salz<\/th>\n<td class=\"properties-value\">0 g<\/td>\n<\/tr>\n<\/tbody>\n<\/table>\n","protected":false},"excerpt":{"rendered":"<p>Rosen Kandis Zutaten: Kandiszucker (64\u202f%), Rosenzubereitung (36\u202f%)[Invertzuckersirup, nat\u00fcrliches Rosen-Aroma (0,36\u202f%), Farbstoff (E124)] Nettof\u00fcllmenge 250 g Duftige Veredelung f\u00fcr Ihren Tee Wei\u00dfer Kandis mit zartem Rosenduft, der Ihrem Tee eine feine, blumige Note verleiht. Traditionell hergestellt in unserer eigenen Manufaktur mit viel Liebe zum Detail. Ideal f\u00fcr romantische Teestunden und als besonderes Geschenk f\u00fcr Genie\u00dfer. Perfekt [&hellip;]<\/p>\n","protected":false},"featured_media":9556,"comment_status":"closed","ping_status":"closed","template":"","meta":[],"product_brand":[],"product_cat":[25],"product_tag":[],"class_list":{"0":"post-9558","1":"product","2":"type-product","3":"status-publish","4":"has-post-thumbnail","6":"product_cat-zuckerhonigsirup","8":"first","9":"instock","10":"taxable","11":"shipping-taxable","12":"purchasable","13":"product-type-simple"},"_links":{"self":[{"href":"https:\/\/wittmunder-teehus.de\/wp-shop\/wp-json\/wp\/v2\/product\/9558","targetHints":{"allow":["GET"]}}],"collection":[{"href":"https:\/\/wittmunder-teehus.de\/wp-shop\/wp-json\/wp\/v2\/product"}],"about":[{"href":"https:\/\/wittmunder-teehus.de\/wp-shop\/wp-json\/wp\/v2\/types\/product"}],"replies":[{"embeddable":true,"href":"https:\/\/wittmunder-teehus.de\/wp-shop\/wp-json\/wp\/v2\/comments?post=9558"}],"wp:featuredmedia":[{"embeddable":true,"href":"https:\/\/wittmunder-teehus.de\/wp-shop\/wp-json\/wp\/v2\/media\/9556"}],"wp:attachment":[{"href":"https:\/\/wittmunder-teehus.de\/wp-shop\/wp-json\/wp\/v2\/media?parent=9558"}],"wp:term":[{"taxonomy":"product_brand","embeddable":true,"href":"https:\/\/wittmunder-teehus.de\/wp-shop\/wp-json\/wp\/v2\/product_brand?post=9558"},{"taxonomy":"product_cat","embeddable":true,"href":"https:\/\/wittmunder-teehus.de\/wp-shop\/wp-json\/wp\/v2\/product_cat?post=9558"},{"taxonomy":"product_tag","embeddable":true,"href":"https:\/\/wittmunder-teehus.de\/wp-shop\/wp-json\/wp\/v2\/product_tag?post=9558"}],"curies":[{"name":"wp","href":"https:\/\/api.w.org\/{rel}","templated":true}]}}