{"id":9549,"date":"2026-03-18T18:15:08","date_gmt":"2026-03-18T17:15:08","guid":{"rendered":"https:\/\/wittmunder-teehus.de\/wp-shop\/?post_type=product&#038;p=9549"},"modified":"2026-03-22T15:30:57","modified_gmt":"2026-03-22T14:30:57","slug":"fruechtetee-sanddorn-himbeer","status":"publish","type":"product","link":"https:\/\/wittmunder-teehus.de\/wp-shop\/produkt\/fruechtetee-sanddorn-himbeer\/","title":{"rendered":"Fr\u00fcchtetee Sanddorn-Himbeer"},"content":{"rendered":"<p>Fr\u00fcchtetee Sanddorn-Himbeer<\/p>\n<p>Zutaten: Apfelst\u00fccke, Hibiskusbl\u00fcten, Hagebuttenschalen, Sanddornbeeren geschnitten (8%), Himbeerrst\u00fccke (4%), Aroma, Sanddornbeeren (3%), Ringelblumenbl\u00fcten.<\/p>\n<p>Zubereitung: 1E\u00dfl.\/Liter, 10 Min., Wassertemp. 100\u00b0C<\/p>\n","protected":false},"excerpt":{"rendered":"<p>Fr\u00fcchtetee Sanddorn-Himbeer Zutaten: Apfelst\u00fccke, Hibiskusbl\u00fcten, Hagebuttenschalen, Sanddornbeeren geschnitten (8%), Himbeerrst\u00fccke (4%), Aroma, Sanddornbeeren (3%), Ringelblumenbl\u00fcten. Zubereitung: 1E\u00dfl.\/Liter, 10 Min., Wassertemp. 100\u00b0C<\/p>\n","protected":false},"featured_media":9561,"comment_status":"closed","ping_status":"closed","template":"","meta":[],"product_brand":[],"product_cat":[50],"product_tag":[],"class_list":{"0":"post-9549","1":"product","2":"type-product","3":"status-publish","4":"has-post-thumbnail","6":"product_cat-fruechtetee","8":"first","9":"instock","10":"taxable","11":"shipping-taxable","12":"purchasable","13":"product-type-variable"},"_links":{"self":[{"href":"https:\/\/wittmunder-teehus.de\/wp-shop\/wp-json\/wp\/v2\/product\/9549","targetHints":{"allow":["GET"]}}],"collection":[{"href":"https:\/\/wittmunder-teehus.de\/wp-shop\/wp-json\/wp\/v2\/product"}],"about":[{"href":"https:\/\/wittmunder-teehus.de\/wp-shop\/wp-json\/wp\/v2\/types\/product"}],"replies":[{"embeddable":true,"href":"https:\/\/wittmunder-teehus.de\/wp-shop\/wp-json\/wp\/v2\/comments?post=9549"}],"wp:featuredmedia":[{"embeddable":true,"href":"https:\/\/wittmunder-teehus.de\/wp-shop\/wp-json\/wp\/v2\/media\/9561"}],"wp:attachment":[{"href":"https:\/\/wittmunder-teehus.de\/wp-shop\/wp-json\/wp\/v2\/media?parent=9549"}],"wp:term":[{"taxonomy":"product_brand","embeddable":true,"href":"https:\/\/wittmunder-teehus.de\/wp-shop\/wp-json\/wp\/v2\/product_brand?post=9549"},{"taxonomy":"product_cat","embeddable":true,"href":"https:\/\/wittmunder-teehus.de\/wp-shop\/wp-json\/wp\/v2\/product_cat?post=9549"},{"taxonomy":"product_tag","embeddable":true,"href":"https:\/\/wittmunder-teehus.de\/wp-shop\/wp-json\/wp\/v2\/product_tag?post=9549"}],"curies":[{"name":"wp","href":"https:\/\/api.w.org\/{rel}","templated":true}]}}