{"id":937,"date":"2015-12-05T19:05:29","date_gmt":"2015-12-05T18:05:29","guid":{"rendered":"http:\/\/wittmunder-teehus.de.w0135315.kasserver.com\/wp-shop\/?post_type=product&#038;p=937"},"modified":"2026-03-11T12:58:25","modified_gmt":"2026-03-11T11:58:25","slug":"ostfriesischer-eistee","status":"publish","type":"product","link":"https:\/\/wittmunder-teehus.de\/wp-shop\/produkt\/ostfriesischer-eistee\/","title":{"rendered":"Ostfriesischer Eistee"},"content":{"rendered":"<p>Nat\u00fcrlich aromatisierte Schwarztee-, Rooibos-, Fr\u00fcchteteemischung.<br \/>\nSpritziger Zitrusgeschmack erg\u00e4nzt den Ostfriesentee &#8211; eiskalt genie\u00dfen!<br \/>\nZutaten: Schwarzer Tee, Rooibostee, Apfelst\u00fccke, Zitronenschale, Lemongras,<br \/>\nSanddornbeeren geschnitten, Ringelblumenbl\u00fcten, nat\u00fcrliches Aroma, Zitronenflocken.<br \/>\nhei\u00df aufgie\u00dfen, leicht s\u00fc\u00dfen und eiskalt genie\u00dfen<\/p>\n","protected":false},"excerpt":{"rendered":"<p>Nat\u00fcrlich aromatisierte Schwarztee-, Rooibos-, Fr\u00fcchteteemischung. Spritziger Zitrusgeschmack erg\u00e4nzt den Ostfriesentee &#8211; eiskalt genie\u00dfen! Zutaten: Schwarzer Tee, Rooibostee, Apfelst\u00fccke, Zitronenschale, Lemongras, Sanddornbeeren geschnitten, Ringelblumenbl\u00fcten, nat\u00fcrliches Aroma, Zitronenflocken. hei\u00df aufgie\u00dfen, leicht s\u00fc\u00dfen und eiskalt genie\u00dfen<\/p>\n","protected":false},"featured_media":4748,"comment_status":"closed","ping_status":"closed","template":"","meta":[],"product_brand":[],"product_cat":[27,49],"product_tag":[],"class_list":{"0":"post-937","1":"product","2":"type-product","3":"status-publish","4":"has-post-thumbnail","6":"product_cat-ostfriesische-spezialitaeten","7":"product_cat-ostfriesische-teemischungen","9":"first","10":"instock","11":"taxable","12":"shipping-taxable","13":"purchasable","14":"product-type-variable"},"_links":{"self":[{"href":"https:\/\/wittmunder-teehus.de\/wp-shop\/wp-json\/wp\/v2\/product\/937","targetHints":{"allow":["GET"]}}],"collection":[{"href":"https:\/\/wittmunder-teehus.de\/wp-shop\/wp-json\/wp\/v2\/product"}],"about":[{"href":"https:\/\/wittmunder-teehus.de\/wp-shop\/wp-json\/wp\/v2\/types\/product"}],"replies":[{"embeddable":true,"href":"https:\/\/wittmunder-teehus.de\/wp-shop\/wp-json\/wp\/v2\/comments?post=937"}],"wp:featuredmedia":[{"embeddable":true,"href":"https:\/\/wittmunder-teehus.de\/wp-shop\/wp-json\/wp\/v2\/media\/4748"}],"wp:attachment":[{"href":"https:\/\/wittmunder-teehus.de\/wp-shop\/wp-json\/wp\/v2\/media?parent=937"}],"wp:term":[{"taxonomy":"product_brand","embeddable":true,"href":"https:\/\/wittmunder-teehus.de\/wp-shop\/wp-json\/wp\/v2\/product_brand?post=937"},{"taxonomy":"product_cat","embeddable":true,"href":"https:\/\/wittmunder-teehus.de\/wp-shop\/wp-json\/wp\/v2\/product_cat?post=937"},{"taxonomy":"product_tag","embeddable":true,"href":"https:\/\/wittmunder-teehus.de\/wp-shop\/wp-json\/wp\/v2\/product_tag?post=937"}],"curies":[{"name":"wp","href":"https:\/\/api.w.org\/{rel}","templated":true}]}}