{"id":9360,"date":"2025-11-01T18:49:12","date_gmt":"2025-11-01T17:49:12","guid":{"rendered":"https:\/\/wittmunder-teehus.de\/wp-shop\/?post_type=product&#038;p=9360"},"modified":"2026-03-11T12:53:04","modified_gmt":"2026-03-11T11:53:04","slug":"wunderle-hundefreunde","status":"publish","type":"product","link":"https:\/\/wittmunder-teehus.de\/wp-shop\/produkt\/wunderle-hundefreunde\/","title":{"rendered":"Wunderle Hundefreunde"},"content":{"rendered":"<p>Wundert\u00fcten \u2013 Kleine \u00dcberraschungen mit gro\u00dfer Wirkung bei Wunderle<\/p>\n<p>Es gibt wohl kaum etwas Sch\u00f6neres, als eine liebevoll gepackte Wundert\u00fcte auszupacken. Das Gef\u00fchl von Spannung, Neugier und Vorfreude verbindet uns alle, egal ob gro\u00df oder klein. Genau dieses kleine Gl\u00fccksgef\u00fchl steckt in unseren handgemachten, liebevoll zusammengestellten Wundert\u00fcten bei Wunderle. Sie sind mehr als nur eine \u00dcberraschung. Sie sind Ausdruck von Wertsch\u00e4tzung, Nachhaltigkeit und echter Freude am Verschenken.<br \/>\nWas sind Wundert\u00fcten und warum sind sie so beliebt?<\/p>\n<p>Wundert\u00fcten sind kleine Pakete, deren Inhalt ein Geheimnis bleibt, bis man sie \u00f6ffnet. Das macht sie so spannend und besonders. Sie enthalten meist eine bunte Mischung verschiedener Produkte, die thematisch oder stilistisch zusammenpassen. Bei Wunderle bekommst du nachhaltige, handgefertigte Artikel, die mit viel Liebe ausgew\u00e4hlt wurden.<\/p>\n<p>Warum sind Wundert\u00fcten so beliebt? Weil sie:<\/p>\n<p>    Das \u00dcberraschungselement lieben und so jede Geschenk\u00fcbergabe zu einem besonderen Moment machen<\/p>\n<p>    Flexibel sind und f\u00fcr jeden Anlass passen: Geburtstag, Weihnachten, Firmenfeiern oder einfach als kleine Aufmerksamkeit zwischendurch<\/p>\n<p>    Nachhaltige, handgemachte Produkte enthalten, die Wertsch\u00e4tzung und Umweltbewusstsein vermitteln<\/p>\n<p>Wenn du also auf der Suche nach einem Geschenk bist, das Freude macht, nachhaltig ist und sich individuell anf\u00fchlt, dann sind unsere Wundert\u00fcten genau richtig f\u00fcr dich.<\/p>\n","protected":false},"excerpt":{"rendered":"<p>Wundert\u00fcten \u2013 Kleine \u00dcberraschungen mit gro\u00dfer Wirkung bei Wunderle Es gibt wohl kaum etwas Sch\u00f6neres, als eine liebevoll gepackte Wundert\u00fcte auszupacken. Das Gef\u00fchl von Spannung, Neugier und Vorfreude verbindet uns alle, egal ob gro\u00df oder klein. Genau dieses kleine Gl\u00fccksgef\u00fchl steckt in unseren handgemachten, liebevoll zusammengestellten Wundert\u00fcten bei Wunderle. Sie sind mehr als nur eine [&hellip;]<\/p>\n","protected":false},"featured_media":9350,"comment_status":"closed","ping_status":"closed","template":"","meta":[],"product_brand":[],"product_cat":[140],"product_tag":[],"class_list":{"0":"post-9360","1":"product","2":"type-product","3":"status-publish","4":"has-post-thumbnail","6":"product_cat-wunderle","8":"first","9":"instock","10":"taxable","11":"shipping-taxable","12":"purchasable","13":"product-type-simple"},"_links":{"self":[{"href":"https:\/\/wittmunder-teehus.de\/wp-shop\/wp-json\/wp\/v2\/product\/9360","targetHints":{"allow":["GET"]}}],"collection":[{"href":"https:\/\/wittmunder-teehus.de\/wp-shop\/wp-json\/wp\/v2\/product"}],"about":[{"href":"https:\/\/wittmunder-teehus.de\/wp-shop\/wp-json\/wp\/v2\/types\/product"}],"replies":[{"embeddable":true,"href":"https:\/\/wittmunder-teehus.de\/wp-shop\/wp-json\/wp\/v2\/comments?post=9360"}],"wp:featuredmedia":[{"embeddable":true,"href":"https:\/\/wittmunder-teehus.de\/wp-shop\/wp-json\/wp\/v2\/media\/9350"}],"wp:attachment":[{"href":"https:\/\/wittmunder-teehus.de\/wp-shop\/wp-json\/wp\/v2\/media?parent=9360"}],"wp:term":[{"taxonomy":"product_brand","embeddable":true,"href":"https:\/\/wittmunder-teehus.de\/wp-shop\/wp-json\/wp\/v2\/product_brand?post=9360"},{"taxonomy":"product_cat","embeddable":true,"href":"https:\/\/wittmunder-teehus.de\/wp-shop\/wp-json\/wp\/v2\/product_cat?post=9360"},{"taxonomy":"product_tag","embeddable":true,"href":"https:\/\/wittmunder-teehus.de\/wp-shop\/wp-json\/wp\/v2\/product_tag?post=9360"}],"curies":[{"name":"wp","href":"https:\/\/api.w.org\/{rel}","templated":true}]}}