{"id":9261,"date":"2025-08-30T18:30:51","date_gmt":"2025-08-30T16:30:51","guid":{"rendered":"https:\/\/wittmunder-teehus.de\/wp-shop\/?post_type=product&#038;p=9261"},"modified":"2026-03-11T12:53:05","modified_gmt":"2026-03-11T11:53:05","slug":"fruechtetee-wittmunds-stoermbruud","status":"publish","type":"product","link":"https:\/\/wittmunder-teehus.de\/wp-shop\/produkt\/fruechtetee-wittmunds-stoermbruud\/","title":{"rendered":"Fr\u00fcchtetee Wittmunds St\u00f6rmbruud"},"content":{"rendered":"<p>Fr\u00fcchtetee mit einem fruchtig-vanilligen Geschmack. <\/p>\n<p>Zutaten: Hibiskus, Apfel, Hagebutte, Erdbeerst\u00fccke 2% und Aroma.<br \/>\nZubereitung: 1E\u00dfl.\/Liter, 10 Min., Wassertemp. 100\u00b0C<\/p>\n","protected":false},"excerpt":{"rendered":"<p>Fr\u00fcchtetee mit einem fruchtig-vanilligen Geschmack. Zutaten: Hibiskus, Apfel, Hagebutte, Erdbeerst\u00fccke 2% und Aroma. Zubereitung: 1E\u00dfl.\/Liter, 10 Min., Wassertemp. 100\u00b0C<\/p>\n","protected":false},"featured_media":9270,"comment_status":"closed","ping_status":"closed","template":"","meta":[],"product_brand":[],"product_cat":[50],"product_tag":[],"class_list":{"0":"post-9261","1":"product","2":"type-product","3":"status-publish","4":"has-post-thumbnail","6":"product_cat-fruechtetee","8":"first","9":"instock","10":"taxable","11":"shipping-taxable","12":"purchasable","13":"product-type-variable"},"_links":{"self":[{"href":"https:\/\/wittmunder-teehus.de\/wp-shop\/wp-json\/wp\/v2\/product\/9261","targetHints":{"allow":["GET"]}}],"collection":[{"href":"https:\/\/wittmunder-teehus.de\/wp-shop\/wp-json\/wp\/v2\/product"}],"about":[{"href":"https:\/\/wittmunder-teehus.de\/wp-shop\/wp-json\/wp\/v2\/types\/product"}],"replies":[{"embeddable":true,"href":"https:\/\/wittmunder-teehus.de\/wp-shop\/wp-json\/wp\/v2\/comments?post=9261"}],"wp:featuredmedia":[{"embeddable":true,"href":"https:\/\/wittmunder-teehus.de\/wp-shop\/wp-json\/wp\/v2\/media\/9270"}],"wp:attachment":[{"href":"https:\/\/wittmunder-teehus.de\/wp-shop\/wp-json\/wp\/v2\/media?parent=9261"}],"wp:term":[{"taxonomy":"product_brand","embeddable":true,"href":"https:\/\/wittmunder-teehus.de\/wp-shop\/wp-json\/wp\/v2\/product_brand?post=9261"},{"taxonomy":"product_cat","embeddable":true,"href":"https:\/\/wittmunder-teehus.de\/wp-shop\/wp-json\/wp\/v2\/product_cat?post=9261"},{"taxonomy":"product_tag","embeddable":true,"href":"https:\/\/wittmunder-teehus.de\/wp-shop\/wp-json\/wp\/v2\/product_tag?post=9261"}],"curies":[{"name":"wp","href":"https:\/\/api.w.org\/{rel}","templated":true}]}}