{"id":9256,"date":"2025-08-30T18:21:13","date_gmt":"2025-08-30T16:21:13","guid":{"rendered":"https:\/\/wittmunder-teehus.de\/wp-shop\/?post_type=product&#038;p=9256"},"modified":"2026-03-11T12:53:05","modified_gmt":"2026-03-11T11:53:05","slug":"schwarzer-tee-friesischer-sommer","status":"publish","type":"product","link":"https:\/\/wittmunder-teehus.de\/wp-shop\/produkt\/schwarzer-tee-friesischer-sommer\/","title":{"rendered":"Schwarzer Tee Friesischer Sommer"},"content":{"rendered":"<p>Schwarzer Tee Friesischer Sommer<\/p>\n<p>Zutaten: Zutaten: Schwarzer Tee 94%, Aroma, Orangenbl\u00fcten, Rosenbl\u00fcten, Sonnenblumenbl\u00fcten<br \/>\nMit einer lieblich-fruchtigen Note.<br \/>\nZubereitung: 1Teelot\/Liter, 5 Min., Wassertemp. 100\u00b0C<\/p>\n","protected":false},"excerpt":{"rendered":"<p>Schwarzer Tee Friesischer Sommer Zutaten: Zutaten: Schwarzer Tee 94%, Aroma, Orangenbl\u00fcten, Rosenbl\u00fcten, Sonnenblumenbl\u00fcten Mit einer lieblich-fruchtigen Note. Zubereitung: 1Teelot\/Liter, 5 Min., Wassertemp. 100\u00b0C<\/p>\n","protected":false},"featured_media":9271,"comment_status":"closed","ping_status":"closed","template":"","meta":[],"product_brand":[],"product_cat":[53],"product_tag":[],"class_list":{"0":"post-9256","1":"product","2":"type-product","3":"status-publish","4":"has-post-thumbnail","6":"product_cat-schwarztee","8":"first","9":"instock","10":"taxable","11":"shipping-taxable","12":"purchasable","13":"product-type-variable"},"_links":{"self":[{"href":"https:\/\/wittmunder-teehus.de\/wp-shop\/wp-json\/wp\/v2\/product\/9256","targetHints":{"allow":["GET"]}}],"collection":[{"href":"https:\/\/wittmunder-teehus.de\/wp-shop\/wp-json\/wp\/v2\/product"}],"about":[{"href":"https:\/\/wittmunder-teehus.de\/wp-shop\/wp-json\/wp\/v2\/types\/product"}],"replies":[{"embeddable":true,"href":"https:\/\/wittmunder-teehus.de\/wp-shop\/wp-json\/wp\/v2\/comments?post=9256"}],"wp:featuredmedia":[{"embeddable":true,"href":"https:\/\/wittmunder-teehus.de\/wp-shop\/wp-json\/wp\/v2\/media\/9271"}],"wp:attachment":[{"href":"https:\/\/wittmunder-teehus.de\/wp-shop\/wp-json\/wp\/v2\/media?parent=9256"}],"wp:term":[{"taxonomy":"product_brand","embeddable":true,"href":"https:\/\/wittmunder-teehus.de\/wp-shop\/wp-json\/wp\/v2\/product_brand?post=9256"},{"taxonomy":"product_cat","embeddable":true,"href":"https:\/\/wittmunder-teehus.de\/wp-shop\/wp-json\/wp\/v2\/product_cat?post=9256"},{"taxonomy":"product_tag","embeddable":true,"href":"https:\/\/wittmunder-teehus.de\/wp-shop\/wp-json\/wp\/v2\/product_tag?post=9256"}],"curies":[{"name":"wp","href":"https:\/\/api.w.org\/{rel}","templated":true}]}}