{"id":9230,"date":"2025-07-31T15:37:17","date_gmt":"2025-07-31T13:37:17","guid":{"rendered":"https:\/\/wittmunder-teehus.de\/wp-shop\/?post_type=product&#038;p=9230"},"modified":"2026-03-11T12:53:05","modified_gmt":"2026-03-11T11:53:05","slug":"kraeutertee-heckenrose","status":"publish","type":"product","link":"https:\/\/wittmunder-teehus.de\/wp-shop\/produkt\/kraeutertee-heckenrose\/","title":{"rendered":"Kr\u00e4utertee Heckenrose"},"content":{"rendered":"<p>Kr\u00e4utertee Heckenrose mit Orange-Rose-Geschmack<br \/>\nKr\u00e4utertee mit Fruchtst\u00fccken und Bl\u00fcten, nat\u00fcrlich aromatisiert.<br \/>\nZutaten: Apfelst\u00fccke, Melissenbl\u00e4tter, Hagebuttenschalen, nat\u00fcrliches Aroma, Rosenbl\u00fctenbl\u00e4tter(4%),<br \/>\nL\u00f6wenzahnkraut, M\u00e4des\u00fcsskraut, Frauenmantelkraut, Holunderbl\u00fcten, Kornblumenbl\u00fcten,<br \/>\nSilberlindenbl\u00fcten, Orangenschalen(0,5%), Ringelblumenbl\u00fcten. <\/p>\n","protected":false},"excerpt":{"rendered":"<p>Kr\u00e4utertee Heckenrose mit Orange-Rose-Geschmack Kr\u00e4utertee mit Fruchtst\u00fccken und Bl\u00fcten, nat\u00fcrlich aromatisiert. Zutaten: Apfelst\u00fccke, Melissenbl\u00e4tter, Hagebuttenschalen, nat\u00fcrliches Aroma, Rosenbl\u00fctenbl\u00e4tter(4%), L\u00f6wenzahnkraut, M\u00e4des\u00fcsskraut, Frauenmantelkraut, Holunderbl\u00fcten, Kornblumenbl\u00fcten, Silberlindenbl\u00fcten, Orangenschalen(0,5%), Ringelblumenbl\u00fcten.<\/p>\n","protected":false},"featured_media":9243,"comment_status":"closed","ping_status":"closed","template":"","meta":[],"product_brand":[],"product_cat":[17],"product_tag":[],"class_list":{"0":"post-9230","1":"product","2":"type-product","3":"status-publish","4":"has-post-thumbnail","6":"product_cat-teeliste","8":"first","9":"instock","10":"taxable","11":"shipping-taxable","12":"purchasable","13":"product-type-variable"},"_links":{"self":[{"href":"https:\/\/wittmunder-teehus.de\/wp-shop\/wp-json\/wp\/v2\/product\/9230","targetHints":{"allow":["GET"]}}],"collection":[{"href":"https:\/\/wittmunder-teehus.de\/wp-shop\/wp-json\/wp\/v2\/product"}],"about":[{"href":"https:\/\/wittmunder-teehus.de\/wp-shop\/wp-json\/wp\/v2\/types\/product"}],"replies":[{"embeddable":true,"href":"https:\/\/wittmunder-teehus.de\/wp-shop\/wp-json\/wp\/v2\/comments?post=9230"}],"wp:featuredmedia":[{"embeddable":true,"href":"https:\/\/wittmunder-teehus.de\/wp-shop\/wp-json\/wp\/v2\/media\/9243"}],"wp:attachment":[{"href":"https:\/\/wittmunder-teehus.de\/wp-shop\/wp-json\/wp\/v2\/media?parent=9230"}],"wp:term":[{"taxonomy":"product_brand","embeddable":true,"href":"https:\/\/wittmunder-teehus.de\/wp-shop\/wp-json\/wp\/v2\/product_brand?post=9230"},{"taxonomy":"product_cat","embeddable":true,"href":"https:\/\/wittmunder-teehus.de\/wp-shop\/wp-json\/wp\/v2\/product_cat?post=9230"},{"taxonomy":"product_tag","embeddable":true,"href":"https:\/\/wittmunder-teehus.de\/wp-shop\/wp-json\/wp\/v2\/product_tag?post=9230"}],"curies":[{"name":"wp","href":"https:\/\/api.w.org\/{rel}","templated":true}]}}