{"id":9220,"date":"2025-07-30T18:28:47","date_gmt":"2025-07-30T16:28:47","guid":{"rendered":"https:\/\/wittmunder-teehus.de\/wp-shop\/?post_type=product&#038;p=9220"},"modified":"2026-03-11T12:53:05","modified_gmt":"2026-03-11T11:53:05","slug":"fruechtetee-limonen-tart","status":"publish","type":"product","link":"https:\/\/wittmunder-teehus.de\/wp-shop\/produkt\/fruechtetee-limonen-tart\/","title":{"rendered":"Fr\u00fcchtetee Limonen Tart"},"content":{"rendered":"<p>Fr\u00fcchtetee mit Bl\u00fcten, nat\u00fcrlich aromatisiert<br \/>\nmit Limone-Vanille-Geschmack<br \/>\nZutaten: Hibiskusbl\u00fcten, Apfelst\u00fccke, kandierte Ananasst\u00fccke(Ananas,Zucker),Orangenschalen, Hagebuttenschalen,<br \/>\nRote Beetest\u00fccke, Holunderbeeren, Zitronenschalen, nat\u00fcrliches Aroma, Joghurtst\u00fccke(<strong>Magermilchpulver<\/strong>, Zucker, Maltodextrin, modifizierte St\u00e4rke:Dist\u00e4rkephosphat, S\u00e4uerungsmittel:Zitronens\u00e4ure), Sonnenblumenbl\u00fcten, Vanillest\u00fccke(0,5%).<\/p>\n","protected":false},"excerpt":{"rendered":"<p>Fr\u00fcchtetee mit Bl\u00fcten, nat\u00fcrlich aromatisiert mit Limone-Vanille-Geschmack Zutaten: Hibiskusbl\u00fcten, Apfelst\u00fccke, kandierte Ananasst\u00fccke(Ananas,Zucker),Orangenschalen, Hagebuttenschalen, Rote Beetest\u00fccke, Holunderbeeren, Zitronenschalen, nat\u00fcrliches Aroma, Joghurtst\u00fccke(Magermilchpulver, Zucker, Maltodextrin, modifizierte St\u00e4rke:Dist\u00e4rkephosphat, S\u00e4uerungsmittel:Zitronens\u00e4ure), Sonnenblumenbl\u00fcten, Vanillest\u00fccke(0,5%).<\/p>\n","protected":false},"featured_media":9242,"comment_status":"closed","ping_status":"closed","template":"","meta":[],"product_brand":[],"product_cat":[50],"product_tag":[],"class_list":{"0":"post-9220","1":"product","2":"type-product","3":"status-publish","4":"has-post-thumbnail","6":"product_cat-fruechtetee","8":"first","9":"instock","10":"taxable","11":"shipping-taxable","12":"purchasable","13":"product-type-variable"},"_links":{"self":[{"href":"https:\/\/wittmunder-teehus.de\/wp-shop\/wp-json\/wp\/v2\/product\/9220","targetHints":{"allow":["GET"]}}],"collection":[{"href":"https:\/\/wittmunder-teehus.de\/wp-shop\/wp-json\/wp\/v2\/product"}],"about":[{"href":"https:\/\/wittmunder-teehus.de\/wp-shop\/wp-json\/wp\/v2\/types\/product"}],"replies":[{"embeddable":true,"href":"https:\/\/wittmunder-teehus.de\/wp-shop\/wp-json\/wp\/v2\/comments?post=9220"}],"wp:featuredmedia":[{"embeddable":true,"href":"https:\/\/wittmunder-teehus.de\/wp-shop\/wp-json\/wp\/v2\/media\/9242"}],"wp:attachment":[{"href":"https:\/\/wittmunder-teehus.de\/wp-shop\/wp-json\/wp\/v2\/media?parent=9220"}],"wp:term":[{"taxonomy":"product_brand","embeddable":true,"href":"https:\/\/wittmunder-teehus.de\/wp-shop\/wp-json\/wp\/v2\/product_brand?post=9220"},{"taxonomy":"product_cat","embeddable":true,"href":"https:\/\/wittmunder-teehus.de\/wp-shop\/wp-json\/wp\/v2\/product_cat?post=9220"},{"taxonomy":"product_tag","embeddable":true,"href":"https:\/\/wittmunder-teehus.de\/wp-shop\/wp-json\/wp\/v2\/product_tag?post=9220"}],"curies":[{"name":"wp","href":"https:\/\/api.w.org\/{rel}","templated":true}]}}