{"id":9190,"date":"2025-05-22T16:41:47","date_gmt":"2025-05-22T14:41:47","guid":{"rendered":"https:\/\/wittmunder-teehus.de\/wp-shop\/?post_type=product&#038;p=9190"},"modified":"2026-03-11T12:53:06","modified_gmt":"2026-03-11T11:53:06","slug":"kirsche-aronia","status":"publish","type":"product","link":"https:\/\/wittmunder-teehus.de\/wp-shop\/produkt\/kirsche-aronia\/","title":{"rendered":"Kirsche Aronia"},"content":{"rendered":"<p>Kirsche Aronia mit hohem Fruchtsaftanteil, mit Kirsch- und Aroniabeerenfruchtsaft, 120g<br \/>\nZutaten: Zucker, Glukosesirup, S\u00e4uerungsmittel: Citronens\u00e4ure, Fruchtsaftkonzentrat: Aronia, Kirsche,<br \/>\nAroma, Fruchtsaftanteil gesamt 12%.<\/p>\n<p>Im Durchschnitt je 100g:<br \/>\nEnergie 1630kJ(384kcal), Fett 0g(davon ges\u00e4ttigte Fetts\u00e4uren 0g,<br \/>\nKohlenhydrate 69g(davon Zucker 65g), Eiwei\u00df 0g, Salz 0g<\/p>\n","protected":false},"excerpt":{"rendered":"<p>Kirsche Aronia mit hohem Fruchtsaftanteil, mit Kirsch- und Aroniabeerenfruchtsaft, 120g Zutaten: Zucker, Glukosesirup, S\u00e4uerungsmittel: Citronens\u00e4ure, Fruchtsaftkonzentrat: Aronia, Kirsche, Aroma, Fruchtsaftanteil gesamt 12%. Im Durchschnitt je 100g: Energie 1630kJ(384kcal), Fett 0g(davon ges\u00e4ttigte Fetts\u00e4uren 0g, Kohlenhydrate 69g(davon Zucker 65g), Eiwei\u00df 0g, Salz 0g<\/p>\n","protected":false},"featured_media":9191,"comment_status":"closed","ping_status":"closed","template":"","meta":[],"product_brand":[],"product_cat":[76],"product_tag":[],"class_list":{"0":"post-9190","1":"product","2":"type-product","3":"status-publish","4":"has-post-thumbnail","6":"product_cat-bonbons-kekse-schokolade","8":"first","9":"instock","10":"taxable","11":"shipping-taxable","12":"purchasable","13":"product-type-simple"},"_links":{"self":[{"href":"https:\/\/wittmunder-teehus.de\/wp-shop\/wp-json\/wp\/v2\/product\/9190","targetHints":{"allow":["GET"]}}],"collection":[{"href":"https:\/\/wittmunder-teehus.de\/wp-shop\/wp-json\/wp\/v2\/product"}],"about":[{"href":"https:\/\/wittmunder-teehus.de\/wp-shop\/wp-json\/wp\/v2\/types\/product"}],"replies":[{"embeddable":true,"href":"https:\/\/wittmunder-teehus.de\/wp-shop\/wp-json\/wp\/v2\/comments?post=9190"}],"wp:featuredmedia":[{"embeddable":true,"href":"https:\/\/wittmunder-teehus.de\/wp-shop\/wp-json\/wp\/v2\/media\/9191"}],"wp:attachment":[{"href":"https:\/\/wittmunder-teehus.de\/wp-shop\/wp-json\/wp\/v2\/media?parent=9190"}],"wp:term":[{"taxonomy":"product_brand","embeddable":true,"href":"https:\/\/wittmunder-teehus.de\/wp-shop\/wp-json\/wp\/v2\/product_brand?post=9190"},{"taxonomy":"product_cat","embeddable":true,"href":"https:\/\/wittmunder-teehus.de\/wp-shop\/wp-json\/wp\/v2\/product_cat?post=9190"},{"taxonomy":"product_tag","embeddable":true,"href":"https:\/\/wittmunder-teehus.de\/wp-shop\/wp-json\/wp\/v2\/product_tag?post=9190"}],"curies":[{"name":"wp","href":"https:\/\/api.w.org\/{rel}","templated":true}]}}