{"id":9181,"date":"2025-05-15T16:07:54","date_gmt":"2025-05-15T14:07:54","guid":{"rendered":"https:\/\/wittmunder-teehus.de\/wp-shop\/?post_type=product&#038;p=9181"},"modified":"2026-03-11T12:53:06","modified_gmt":"2026-03-11T11:53:06","slug":"fruechtetee-apfel-kurkuma","status":"publish","type":"product","link":"https:\/\/wittmunder-teehus.de\/wp-shop\/produkt\/fruechtetee-apfel-kurkuma\/","title":{"rendered":"Fr\u00fcchtetee Apfel Kurkuma"},"content":{"rendered":"<p>Fr\u00fcchtetee mild nat\u00fcrlich<br \/>\nZutaten: Apfelst\u00fccke (Apfel, S\u00e4uerungsmittel: Zitronens\u00e4ure), Bohnenschalen, nat\u00fcrliches Aroma, kandierte Ananasst\u00fccke(Ananas,Zucker), Karottenst\u00fccke, Apfelscheiben, Ingwerst\u00fccke, Orangenschalen, S\u00fc\u00dfkraut, Kurkumapulver, Saflorbl\u00fcten, Kandierte Papayast\u00fccke(Papaya,Zucker), Sonnenblumenbl\u00fcten, Tamarinde.<\/p>\n","protected":false},"excerpt":{"rendered":"<p>Fr\u00fcchtetee mild nat\u00fcrlich Zutaten: Apfelst\u00fccke (Apfel, S\u00e4uerungsmittel: Zitronens\u00e4ure), Bohnenschalen, nat\u00fcrliches Aroma, kandierte Ananasst\u00fccke(Ananas,Zucker), Karottenst\u00fccke, Apfelscheiben, Ingwerst\u00fccke, Orangenschalen, S\u00fc\u00dfkraut, Kurkumapulver, Saflorbl\u00fcten, Kandierte Papayast\u00fccke(Papaya,Zucker), Sonnenblumenbl\u00fcten, Tamarinde.<\/p>\n","protected":false},"featured_media":9187,"comment_status":"closed","ping_status":"closed","template":"","meta":[],"product_brand":[],"product_cat":[50],"product_tag":[],"class_list":{"0":"post-9181","1":"product","2":"type-product","3":"status-publish","4":"has-post-thumbnail","6":"product_cat-fruechtetee","8":"first","9":"instock","10":"taxable","11":"shipping-taxable","12":"purchasable","13":"product-type-variable"},"_links":{"self":[{"href":"https:\/\/wittmunder-teehus.de\/wp-shop\/wp-json\/wp\/v2\/product\/9181","targetHints":{"allow":["GET"]}}],"collection":[{"href":"https:\/\/wittmunder-teehus.de\/wp-shop\/wp-json\/wp\/v2\/product"}],"about":[{"href":"https:\/\/wittmunder-teehus.de\/wp-shop\/wp-json\/wp\/v2\/types\/product"}],"replies":[{"embeddable":true,"href":"https:\/\/wittmunder-teehus.de\/wp-shop\/wp-json\/wp\/v2\/comments?post=9181"}],"wp:featuredmedia":[{"embeddable":true,"href":"https:\/\/wittmunder-teehus.de\/wp-shop\/wp-json\/wp\/v2\/media\/9187"}],"wp:attachment":[{"href":"https:\/\/wittmunder-teehus.de\/wp-shop\/wp-json\/wp\/v2\/media?parent=9181"}],"wp:term":[{"taxonomy":"product_brand","embeddable":true,"href":"https:\/\/wittmunder-teehus.de\/wp-shop\/wp-json\/wp\/v2\/product_brand?post=9181"},{"taxonomy":"product_cat","embeddable":true,"href":"https:\/\/wittmunder-teehus.de\/wp-shop\/wp-json\/wp\/v2\/product_cat?post=9181"},{"taxonomy":"product_tag","embeddable":true,"href":"https:\/\/wittmunder-teehus.de\/wp-shop\/wp-json\/wp\/v2\/product_tag?post=9181"}],"curies":[{"name":"wp","href":"https:\/\/api.w.org\/{rel}","templated":true}]}}