{"id":9136,"date":"2025-03-31T17:34:03","date_gmt":"2025-03-31T15:34:03","guid":{"rendered":"https:\/\/wittmunder-teehus.de\/wp-shop\/?post_type=product&#038;p=9136"},"modified":"2026-03-11T12:53:06","modified_gmt":"2026-03-11T11:53:06","slug":"moeweneier-2","status":"publish","type":"product","link":"https:\/\/wittmunder-teehus.de\/wp-shop\/produkt\/moeweneier-2\/","title":{"rendered":"M\u00f6weneier"},"content":{"rendered":"<p>M\u00f6weneier Vanille\/Eierlik\u00f6r<br \/>\nmit Vanille- und Eierlik\u00f6rgeschmack, ohne Alkohol<\/p>\n<p>Zutaten: Zucker, Glukosesirup, Aroma, Vanillin, nat\u00fcrliches Curcuma Aroma. <\/p>\n<p>Durchschnitt je 100g:<br \/>\nEnergie 1630kJ(384kcal), Fett 0g(davon ges\u00e4ttigte Fetts\u00e4uren 0g,)<br \/>\nKohlenhydrate 96g(davon Zucker 69g), Eiwei\u00df 0g, Salz 0g<\/p>\n","protected":false},"excerpt":{"rendered":"<p>M\u00f6weneier Vanille\/Eierlik\u00f6r mit Vanille- und Eierlik\u00f6rgeschmack, ohne Alkohol Zutaten: Zucker, Glukosesirup, Aroma, Vanillin, nat\u00fcrliches Curcuma Aroma. Durchschnitt je 100g: Energie 1630kJ(384kcal), Fett 0g(davon ges\u00e4ttigte Fetts\u00e4uren 0g,) Kohlenhydrate 96g(davon Zucker 69g), Eiwei\u00df 0g, Salz 0g<\/p>\n","protected":false},"featured_media":9137,"comment_status":"closed","ping_status":"closed","template":"","meta":[],"product_brand":[],"product_cat":[76],"product_tag":[],"class_list":{"0":"post-9136","1":"product","2":"type-product","3":"status-publish","4":"has-post-thumbnail","6":"product_cat-bonbons-kekse-schokolade","8":"first","9":"instock","10":"taxable","11":"shipping-taxable","12":"purchasable","13":"product-type-simple"},"_links":{"self":[{"href":"https:\/\/wittmunder-teehus.de\/wp-shop\/wp-json\/wp\/v2\/product\/9136","targetHints":{"allow":["GET"]}}],"collection":[{"href":"https:\/\/wittmunder-teehus.de\/wp-shop\/wp-json\/wp\/v2\/product"}],"about":[{"href":"https:\/\/wittmunder-teehus.de\/wp-shop\/wp-json\/wp\/v2\/types\/product"}],"replies":[{"embeddable":true,"href":"https:\/\/wittmunder-teehus.de\/wp-shop\/wp-json\/wp\/v2\/comments?post=9136"}],"wp:featuredmedia":[{"embeddable":true,"href":"https:\/\/wittmunder-teehus.de\/wp-shop\/wp-json\/wp\/v2\/media\/9137"}],"wp:attachment":[{"href":"https:\/\/wittmunder-teehus.de\/wp-shop\/wp-json\/wp\/v2\/media?parent=9136"}],"wp:term":[{"taxonomy":"product_brand","embeddable":true,"href":"https:\/\/wittmunder-teehus.de\/wp-shop\/wp-json\/wp\/v2\/product_brand?post=9136"},{"taxonomy":"product_cat","embeddable":true,"href":"https:\/\/wittmunder-teehus.de\/wp-shop\/wp-json\/wp\/v2\/product_cat?post=9136"},{"taxonomy":"product_tag","embeddable":true,"href":"https:\/\/wittmunder-teehus.de\/wp-shop\/wp-json\/wp\/v2\/product_tag?post=9136"}],"curies":[{"name":"wp","href":"https:\/\/api.w.org\/{rel}","templated":true}]}}