{"id":9123,"date":"2025-03-18T17:37:59","date_gmt":"2025-03-18T16:37:59","guid":{"rendered":"https:\/\/wittmunder-teehus.de\/wp-shop\/?post_type=product&#038;p=9123"},"modified":"2026-03-11T12:53:06","modified_gmt":"2026-03-11T11:53:06","slug":"streuwerk-sanddorn-dip","status":"publish","type":"product","link":"https:\/\/wittmunder-teehus.de\/wp-shop\/produkt\/streuwerk-sanddorn-dip\/","title":{"rendered":"Streuwerk Sanddorn Dip"},"content":{"rendered":"<p>Streuwerk Sanddorn Dip, 100g<\/p>\n<p>Zutaten: Karotte, Sanddorn (12%), Zwiebel, Paprika, Tomate, Liebst\u00f6ckel, Petersilie.<\/p>\n<p>3 Teel\u00f6ffel Dip-Mischung mit 250 g Quark oder Joghurt vermengen. Bei Bedarf mit etwas Milch oder Wasser verd\u00fcnnen. Ziehzeit: 15 Minuten.<\/p>\n","protected":false},"excerpt":{"rendered":"<p>Streuwerk Sanddorn Dip, 100g Zutaten: Karotte, Sanddorn (12%), Zwiebel, Paprika, Tomate, Liebst\u00f6ckel, Petersilie. 3 Teel\u00f6ffel Dip-Mischung mit 250 g Quark oder Joghurt vermengen. Bei Bedarf mit etwas Milch oder Wasser verd\u00fcnnen. Ziehzeit: 15 Minuten.<\/p>\n","protected":false},"featured_media":9124,"comment_status":"closed","ping_status":"closed","template":"","meta":[],"product_brand":[],"product_cat":[28],"product_tag":[],"class_list":{"0":"post-9123","1":"product","2":"type-product","3":"status-publish","4":"has-post-thumbnail","6":"product_cat-kraeuter-gewuerze-dips-oele","8":"first","9":"instock","10":"taxable","11":"shipping-taxable","12":"purchasable","13":"product-type-simple"},"_links":{"self":[{"href":"https:\/\/wittmunder-teehus.de\/wp-shop\/wp-json\/wp\/v2\/product\/9123","targetHints":{"allow":["GET"]}}],"collection":[{"href":"https:\/\/wittmunder-teehus.de\/wp-shop\/wp-json\/wp\/v2\/product"}],"about":[{"href":"https:\/\/wittmunder-teehus.de\/wp-shop\/wp-json\/wp\/v2\/types\/product"}],"replies":[{"embeddable":true,"href":"https:\/\/wittmunder-teehus.de\/wp-shop\/wp-json\/wp\/v2\/comments?post=9123"}],"wp:featuredmedia":[{"embeddable":true,"href":"https:\/\/wittmunder-teehus.de\/wp-shop\/wp-json\/wp\/v2\/media\/9124"}],"wp:attachment":[{"href":"https:\/\/wittmunder-teehus.de\/wp-shop\/wp-json\/wp\/v2\/media?parent=9123"}],"wp:term":[{"taxonomy":"product_brand","embeddable":true,"href":"https:\/\/wittmunder-teehus.de\/wp-shop\/wp-json\/wp\/v2\/product_brand?post=9123"},{"taxonomy":"product_cat","embeddable":true,"href":"https:\/\/wittmunder-teehus.de\/wp-shop\/wp-json\/wp\/v2\/product_cat?post=9123"},{"taxonomy":"product_tag","embeddable":true,"href":"https:\/\/wittmunder-teehus.de\/wp-shop\/wp-json\/wp\/v2\/product_tag?post=9123"}],"curies":[{"name":"wp","href":"https:\/\/api.w.org\/{rel}","templated":true}]}}