{"id":9008,"date":"2024-11-25T16:01:44","date_gmt":"2024-11-25T15:01:44","guid":{"rendered":"https:\/\/wittmunder-teehus.de\/wp-shop\/?post_type=product&#038;p=9008"},"modified":"2026-03-11T12:53:07","modified_gmt":"2026-03-11T11:53:07","slug":"nachfuellpack-himbeere","status":"publish","type":"product","link":"https:\/\/wittmunder-teehus.de\/wp-shop\/produkt\/nachfuellpack-himbeere\/","title":{"rendered":"Nachf\u00fcllpack Himbeere"},"content":{"rendered":"<p>Nachf\u00fcllpack Himbeere, gefriergetrocknet<br \/>\nHimbeeren, Deutschland<br \/>\nDurchschnitt je 100g:<br \/>\nEnergie 1169kJ(279kcal), Fett 2,1g(davon ges\u00e4ttigte Fetts\u00e4uren 0,0g,<br \/>\nKohlenhydrate 33,3g(davon Zucker 33,3), Eiwei\u00df 9g, Salz 0,0g, Ballaststoffe 32,6g<\/p>\n","protected":false},"excerpt":{"rendered":"<p>Nachf\u00fcllpack Himbeere, gefriergetrocknet Himbeeren, Deutschland Durchschnitt je 100g: Energie 1169kJ(279kcal), Fett 2,1g(davon ges\u00e4ttigte Fetts\u00e4uren 0,0g, Kohlenhydrate 33,3g(davon Zucker 33,3), Eiwei\u00df 9g, Salz 0,0g, Ballaststoffe 32,6g<\/p>\n","protected":false},"featured_media":9007,"comment_status":"closed","ping_status":"closed","template":"","meta":[],"product_brand":[],"product_cat":[141],"product_tag":[],"class_list":{"0":"post-9008","1":"product","2":"type-product","3":"status-publish","4":"has-post-thumbnail","6":"product_cat-frucht-snack","8":"first","9":"instock","10":"taxable","11":"shipping-taxable","12":"purchasable","13":"product-type-simple"},"_links":{"self":[{"href":"https:\/\/wittmunder-teehus.de\/wp-shop\/wp-json\/wp\/v2\/product\/9008","targetHints":{"allow":["GET"]}}],"collection":[{"href":"https:\/\/wittmunder-teehus.de\/wp-shop\/wp-json\/wp\/v2\/product"}],"about":[{"href":"https:\/\/wittmunder-teehus.de\/wp-shop\/wp-json\/wp\/v2\/types\/product"}],"replies":[{"embeddable":true,"href":"https:\/\/wittmunder-teehus.de\/wp-shop\/wp-json\/wp\/v2\/comments?post=9008"}],"wp:featuredmedia":[{"embeddable":true,"href":"https:\/\/wittmunder-teehus.de\/wp-shop\/wp-json\/wp\/v2\/media\/9007"}],"wp:attachment":[{"href":"https:\/\/wittmunder-teehus.de\/wp-shop\/wp-json\/wp\/v2\/media?parent=9008"}],"wp:term":[{"taxonomy":"product_brand","embeddable":true,"href":"https:\/\/wittmunder-teehus.de\/wp-shop\/wp-json\/wp\/v2\/product_brand?post=9008"},{"taxonomy":"product_cat","embeddable":true,"href":"https:\/\/wittmunder-teehus.de\/wp-shop\/wp-json\/wp\/v2\/product_cat?post=9008"},{"taxonomy":"product_tag","embeddable":true,"href":"https:\/\/wittmunder-teehus.de\/wp-shop\/wp-json\/wp\/v2\/product_tag?post=9008"}],"curies":[{"name":"wp","href":"https:\/\/api.w.org\/{rel}","templated":true}]}}