{"id":9004,"date":"2024-11-25T15:57:13","date_gmt":"2024-11-25T14:57:13","guid":{"rendered":"https:\/\/wittmunder-teehus.de\/wp-shop\/?post_type=product&#038;p=9004"},"modified":"2026-03-11T12:53:07","modified_gmt":"2026-03-11T11:53:07","slug":"grosses-glas-orange","status":"publish","type":"product","link":"https:\/\/wittmunder-teehus.de\/wp-shop\/produkt\/grosses-glas-orange\/","title":{"rendered":"Gro\u00dfes Glas Orange"},"content":{"rendered":"<p>Gro\u00dfes Glas Orange, gefriergetrocknet<br \/>\nOrange, Spanien<br \/>\nDurchschnitt je 100g:<br \/>\nEnergie 1441kJ(343kcal), Fett 1,4g(davon ges\u00e4ttigte Fetts\u00e4uren 0,0g,<br \/>\nKohlenhydrate 66,1(davon Zucker 66,1g), Eiwei\u00df 5,5g, Salz 0,002g, Ballaststoffe 22,7g<br \/>\n<strong>k<\/strong>lasse.<strong>b<\/strong>estes.<strong>A<\/strong>ngebot<\/p>\n","protected":false},"excerpt":{"rendered":"<p>Gro\u00dfes Glas Orange, gefriergetrocknet Orange, Spanien Durchschnitt je 100g: Energie 1441kJ(343kcal), Fett 1,4g(davon ges\u00e4ttigte Fetts\u00e4uren 0,0g, Kohlenhydrate 66,1(davon Zucker 66,1g), Eiwei\u00df 5,5g, Salz 0,002g, Ballaststoffe 22,7g klasse.bestes.Angebot<\/p>\n","protected":false},"featured_media":9005,"comment_status":"closed","ping_status":"closed","template":"","meta":[],"product_brand":[],"product_cat":[141],"product_tag":[],"class_list":{"0":"post-9004","1":"product","2":"type-product","3":"status-publish","4":"has-post-thumbnail","6":"product_cat-frucht-snack","8":"first","9":"instock","10":"taxable","11":"shipping-taxable","12":"purchasable","13":"product-type-simple"},"_links":{"self":[{"href":"https:\/\/wittmunder-teehus.de\/wp-shop\/wp-json\/wp\/v2\/product\/9004","targetHints":{"allow":["GET"]}}],"collection":[{"href":"https:\/\/wittmunder-teehus.de\/wp-shop\/wp-json\/wp\/v2\/product"}],"about":[{"href":"https:\/\/wittmunder-teehus.de\/wp-shop\/wp-json\/wp\/v2\/types\/product"}],"replies":[{"embeddable":true,"href":"https:\/\/wittmunder-teehus.de\/wp-shop\/wp-json\/wp\/v2\/comments?post=9004"}],"wp:featuredmedia":[{"embeddable":true,"href":"https:\/\/wittmunder-teehus.de\/wp-shop\/wp-json\/wp\/v2\/media\/9005"}],"wp:attachment":[{"href":"https:\/\/wittmunder-teehus.de\/wp-shop\/wp-json\/wp\/v2\/media?parent=9004"}],"wp:term":[{"taxonomy":"product_brand","embeddable":true,"href":"https:\/\/wittmunder-teehus.de\/wp-shop\/wp-json\/wp\/v2\/product_brand?post=9004"},{"taxonomy":"product_cat","embeddable":true,"href":"https:\/\/wittmunder-teehus.de\/wp-shop\/wp-json\/wp\/v2\/product_cat?post=9004"},{"taxonomy":"product_tag","embeddable":true,"href":"https:\/\/wittmunder-teehus.de\/wp-shop\/wp-json\/wp\/v2\/product_tag?post=9004"}],"curies":[{"name":"wp","href":"https:\/\/api.w.org\/{rel}","templated":true}]}}