{"id":9003,"date":"2024-11-25T15:54:50","date_gmt":"2024-11-25T14:54:50","guid":{"rendered":"https:\/\/wittmunder-teehus.de\/wp-shop\/?post_type=product&#038;p=9003"},"modified":"2026-03-11T12:53:07","modified_gmt":"2026-03-11T11:53:07","slug":"kleines-glas-knusper-vanille-jogurt","status":"publish","type":"product","link":"https:\/\/wittmunder-teehus.de\/wp-shop\/produkt\/kleines-glas-knusper-vanille-jogurt\/","title":{"rendered":"Kleines Glas Knusper Vanille Jogurt"},"content":{"rendered":"<p>Kleines Glas Knusper Vanille Jogurt<br \/>\nZutaten: Joghurt 55%, Zuckerr\u00fcben Zucker 30%, St\u00e4rke 10%(Maniowurzel), Vanille 5%<br \/>\nDurchschnitt je 100g:<br \/>\nEnergie 1597kJ(376kcal), Fett 0,3g(davon ges\u00e4ttigte Fetts\u00e4uren 0,2g,<br \/>\nKohlenhydrate 79,6(davon Zucker 73,9g), Eiwei\u00df 10,9g, Salz 0,5g,<\/p>\n","protected":false},"excerpt":{"rendered":"<p>Kleines Glas Knusper Vanille Jogurt Zutaten: Joghurt 55%, Zuckerr\u00fcben Zucker 30%, St\u00e4rke 10%(Maniowurzel), Vanille 5% Durchschnitt je 100g: Energie 1597kJ(376kcal), Fett 0,3g(davon ges\u00e4ttigte Fetts\u00e4uren 0,2g, Kohlenhydrate 79,6(davon Zucker 73,9g), Eiwei\u00df 10,9g, Salz 0,5g,<\/p>\n","protected":false},"featured_media":9006,"comment_status":"closed","ping_status":"closed","template":"","meta":[],"product_brand":[],"product_cat":[141],"product_tag":[],"class_list":{"0":"post-9003","1":"product","2":"type-product","3":"status-publish","4":"has-post-thumbnail","6":"product_cat-frucht-snack","8":"first","9":"instock","10":"taxable","11":"shipping-taxable","12":"purchasable","13":"product-type-simple"},"_links":{"self":[{"href":"https:\/\/wittmunder-teehus.de\/wp-shop\/wp-json\/wp\/v2\/product\/9003","targetHints":{"allow":["GET"]}}],"collection":[{"href":"https:\/\/wittmunder-teehus.de\/wp-shop\/wp-json\/wp\/v2\/product"}],"about":[{"href":"https:\/\/wittmunder-teehus.de\/wp-shop\/wp-json\/wp\/v2\/types\/product"}],"replies":[{"embeddable":true,"href":"https:\/\/wittmunder-teehus.de\/wp-shop\/wp-json\/wp\/v2\/comments?post=9003"}],"wp:featuredmedia":[{"embeddable":true,"href":"https:\/\/wittmunder-teehus.de\/wp-shop\/wp-json\/wp\/v2\/media\/9006"}],"wp:attachment":[{"href":"https:\/\/wittmunder-teehus.de\/wp-shop\/wp-json\/wp\/v2\/media?parent=9003"}],"wp:term":[{"taxonomy":"product_brand","embeddable":true,"href":"https:\/\/wittmunder-teehus.de\/wp-shop\/wp-json\/wp\/v2\/product_brand?post=9003"},{"taxonomy":"product_cat","embeddable":true,"href":"https:\/\/wittmunder-teehus.de\/wp-shop\/wp-json\/wp\/v2\/product_cat?post=9003"},{"taxonomy":"product_tag","embeddable":true,"href":"https:\/\/wittmunder-teehus.de\/wp-shop\/wp-json\/wp\/v2\/product_tag?post=9003"}],"curies":[{"name":"wp","href":"https:\/\/api.w.org\/{rel}","templated":true}]}}