{"id":8943,"date":"2024-09-08T17:25:19","date_gmt":"2024-09-08T15:25:19","guid":{"rendered":"https:\/\/wittmunder-teehus.de\/wp-shop\/?post_type=product&#038;p=8943"},"modified":"2026-03-11T12:53:08","modified_gmt":"2026-03-11T11:53:08","slug":"ei-zimt-likoer-20-vol","status":"publish","type":"product","link":"https:\/\/wittmunder-teehus.de\/wp-shop\/produkt\/ei-zimt-likoer-20-vol\/","title":{"rendered":"Ei &#038; Zimt Lik\u00f6r 20% Vol."},"content":{"rendered":"<p>Weitere Informationen zum Produkt: Die Eier stammen aus Bodenhaltung.<br \/>\nEnth\u00e4lt Ei.<br \/>\nAlkoholgehalt 20 % vol<br \/>\nNettof\u00fcllmenge 0.35 l<br \/>\nEierlik\u00f6r mit Zimt<br \/>\nAllergene Enth\u00e4lt: Eier und Eierzeugnisse<br \/>\nBio: Nein<\/p>\n","protected":false},"excerpt":{"rendered":"<p>Weitere Informationen zum Produkt: Die Eier stammen aus Bodenhaltung. Enth\u00e4lt Ei. Alkoholgehalt 20 % vol Nettof\u00fcllmenge 0.35 l Eierlik\u00f6r mit Zimt Allergene Enth\u00e4lt: Eier und Eierzeugnisse Bio: Nein<\/p>\n","protected":false},"featured_media":8942,"comment_status":"closed","ping_status":"closed","template":"","meta":[],"product_brand":[],"product_cat":[29],"product_tag":[],"class_list":{"0":"post-8943","1":"product","2":"type-product","3":"status-publish","4":"has-post-thumbnail","6":"product_cat-likoer","8":"first","9":"instock","10":"taxable","11":"shipping-taxable","12":"purchasable","13":"product-type-simple"},"_links":{"self":[{"href":"https:\/\/wittmunder-teehus.de\/wp-shop\/wp-json\/wp\/v2\/product\/8943","targetHints":{"allow":["GET"]}}],"collection":[{"href":"https:\/\/wittmunder-teehus.de\/wp-shop\/wp-json\/wp\/v2\/product"}],"about":[{"href":"https:\/\/wittmunder-teehus.de\/wp-shop\/wp-json\/wp\/v2\/types\/product"}],"replies":[{"embeddable":true,"href":"https:\/\/wittmunder-teehus.de\/wp-shop\/wp-json\/wp\/v2\/comments?post=8943"}],"wp:featuredmedia":[{"embeddable":true,"href":"https:\/\/wittmunder-teehus.de\/wp-shop\/wp-json\/wp\/v2\/media\/8942"}],"wp:attachment":[{"href":"https:\/\/wittmunder-teehus.de\/wp-shop\/wp-json\/wp\/v2\/media?parent=8943"}],"wp:term":[{"taxonomy":"product_brand","embeddable":true,"href":"https:\/\/wittmunder-teehus.de\/wp-shop\/wp-json\/wp\/v2\/product_brand?post=8943"},{"taxonomy":"product_cat","embeddable":true,"href":"https:\/\/wittmunder-teehus.de\/wp-shop\/wp-json\/wp\/v2\/product_cat?post=8943"},{"taxonomy":"product_tag","embeddable":true,"href":"https:\/\/wittmunder-teehus.de\/wp-shop\/wp-json\/wp\/v2\/product_tag?post=8943"}],"curies":[{"name":"wp","href":"https:\/\/api.w.org\/{rel}","templated":true}]}}