{"id":8936,"date":"2024-09-08T17:09:59","date_gmt":"2024-09-08T15:09:59","guid":{"rendered":"https:\/\/wittmunder-teehus.de\/wp-shop\/?post_type=product&#038;p=8936"},"modified":"2026-03-11T12:53:08","modified_gmt":"2026-03-11T11:53:08","slug":"orangenblueten-honig-2","status":"publish","type":"product","link":"https:\/\/wittmunder-teehus.de\/wp-shop\/produkt\/orangenblueten-honig-2\/","title":{"rendered":"Orangenbl\u00fcten-Honig"},"content":{"rendered":"<p>Orangenbl\u00fcten-Honig<br \/>\nZutaten: Honig<br \/>\nNettof\u00fcllmenge 125 g<\/p>\n<p>N\u00e4hrwerte pro 100 g:<br \/>\nEnergie 1.283 kJ\/ 302 kcal<br \/>\nFett 0 g<br \/>\ndavon ges\u00e4ttigte Fetts\u00e4uren 0 g<br \/>\nKohlenhydrate 75 g<br \/>\ndavon Zucker 74 g<br \/>\nEiwei\u00df 0 g<br \/>\nSalz 0 g<\/p>\n","protected":false},"excerpt":{"rendered":"<p>Orangenbl\u00fcten-Honig Zutaten: Honig Nettof\u00fcllmenge 125 g N\u00e4hrwerte pro 100 g: Energie 1.283 kJ\/ 302 kcal Fett 0 g davon ges\u00e4ttigte Fetts\u00e4uren 0 g Kohlenhydrate 75 g davon Zucker 74 g Eiwei\u00df 0 g Salz 0 g<\/p>\n","protected":false},"featured_media":8937,"comment_status":"closed","ping_status":"closed","template":"","meta":[],"product_brand":[],"product_cat":[25],"product_tag":[],"class_list":{"0":"post-8936","1":"product","2":"type-product","3":"status-publish","4":"has-post-thumbnail","6":"product_cat-zuckerhonigsirup","8":"first","9":"instock","10":"taxable","11":"shipping-taxable","12":"purchasable","13":"product-type-simple"},"_links":{"self":[{"href":"https:\/\/wittmunder-teehus.de\/wp-shop\/wp-json\/wp\/v2\/product\/8936","targetHints":{"allow":["GET"]}}],"collection":[{"href":"https:\/\/wittmunder-teehus.de\/wp-shop\/wp-json\/wp\/v2\/product"}],"about":[{"href":"https:\/\/wittmunder-teehus.de\/wp-shop\/wp-json\/wp\/v2\/types\/product"}],"replies":[{"embeddable":true,"href":"https:\/\/wittmunder-teehus.de\/wp-shop\/wp-json\/wp\/v2\/comments?post=8936"}],"wp:featuredmedia":[{"embeddable":true,"href":"https:\/\/wittmunder-teehus.de\/wp-shop\/wp-json\/wp\/v2\/media\/8937"}],"wp:attachment":[{"href":"https:\/\/wittmunder-teehus.de\/wp-shop\/wp-json\/wp\/v2\/media?parent=8936"}],"wp:term":[{"taxonomy":"product_brand","embeddable":true,"href":"https:\/\/wittmunder-teehus.de\/wp-shop\/wp-json\/wp\/v2\/product_brand?post=8936"},{"taxonomy":"product_cat","embeddable":true,"href":"https:\/\/wittmunder-teehus.de\/wp-shop\/wp-json\/wp\/v2\/product_cat?post=8936"},{"taxonomy":"product_tag","embeddable":true,"href":"https:\/\/wittmunder-teehus.de\/wp-shop\/wp-json\/wp\/v2\/product_tag?post=8936"}],"curies":[{"name":"wp","href":"https:\/\/api.w.org\/{rel}","templated":true}]}}