{"id":8924,"date":"2024-09-08T16:35:31","date_gmt":"2024-09-08T14:35:31","guid":{"rendered":"https:\/\/wittmunder-teehus.de\/wp-shop\/?post_type=product&#038;p=8924"},"modified":"2026-03-11T12:53:08","modified_gmt":"2026-03-11T11:53:08","slug":"apfel-zimt-konfituere","status":"publish","type":"product","link":"https:\/\/wittmunder-teehus.de\/wp-shop\/produkt\/apfel-zimt-konfituere\/","title":{"rendered":"Apfel-Zimt Konfit\u00fcre"},"content":{"rendered":"<p>Apfel-Zimt Konfit\u00fcre<br \/>\nZutaten: \u00c4pfel, Zucker, Geliermittel: Pektin, S\u00e4uerungsmittel: Citronens\u00e4ure, 0,1% Zimt.<br \/>\nNettof\u00fcllmenge 280 g<\/p>\n<p>N\u00e4hrwerte pro 100 g:<br \/>\nEnergie 978 kJ\/ 230 kcal<br \/>\nFett 0 g<br \/>\ndavon ges\u00e4ttigte Fetts\u00e4uren 0 g<br \/>\nKohlenhydrate 55 g<br \/>\ndavon Zucker 55 g<br \/>\nEiwei\u00df 0 g<br \/>\nSalz 0,03 g<\/p>\n","protected":false},"excerpt":{"rendered":"<p>Apfel-Zimt Konfit\u00fcre Zutaten: \u00c4pfel, Zucker, Geliermittel: Pektin, S\u00e4uerungsmittel: Citronens\u00e4ure, 0,1% Zimt. Nettof\u00fcllmenge 280 g N\u00e4hrwerte pro 100 g: Energie 978 kJ\/ 230 kcal Fett 0 g davon ges\u00e4ttigte Fetts\u00e4uren 0 g Kohlenhydrate 55 g davon Zucker 55 g Eiwei\u00df 0 g Salz 0,03 g<\/p>\n","protected":false},"featured_media":8925,"comment_status":"closed","ping_status":"closed","template":"","meta":[],"product_brand":[],"product_cat":[26],"product_tag":[],"class_list":{"0":"post-8924","1":"product","2":"type-product","3":"status-publish","4":"has-post-thumbnail","6":"product_cat-marmeladenkonfitueren","8":"first","9":"instock","10":"taxable","11":"shipping-taxable","12":"purchasable","13":"product-type-simple"},"_links":{"self":[{"href":"https:\/\/wittmunder-teehus.de\/wp-shop\/wp-json\/wp\/v2\/product\/8924","targetHints":{"allow":["GET"]}}],"collection":[{"href":"https:\/\/wittmunder-teehus.de\/wp-shop\/wp-json\/wp\/v2\/product"}],"about":[{"href":"https:\/\/wittmunder-teehus.de\/wp-shop\/wp-json\/wp\/v2\/types\/product"}],"replies":[{"embeddable":true,"href":"https:\/\/wittmunder-teehus.de\/wp-shop\/wp-json\/wp\/v2\/comments?post=8924"}],"wp:featuredmedia":[{"embeddable":true,"href":"https:\/\/wittmunder-teehus.de\/wp-shop\/wp-json\/wp\/v2\/media\/8925"}],"wp:attachment":[{"href":"https:\/\/wittmunder-teehus.de\/wp-shop\/wp-json\/wp\/v2\/media?parent=8924"}],"wp:term":[{"taxonomy":"product_brand","embeddable":true,"href":"https:\/\/wittmunder-teehus.de\/wp-shop\/wp-json\/wp\/v2\/product_brand?post=8924"},{"taxonomy":"product_cat","embeddable":true,"href":"https:\/\/wittmunder-teehus.de\/wp-shop\/wp-json\/wp\/v2\/product_cat?post=8924"},{"taxonomy":"product_tag","embeddable":true,"href":"https:\/\/wittmunder-teehus.de\/wp-shop\/wp-json\/wp\/v2\/product_tag?post=8924"}],"curies":[{"name":"wp","href":"https:\/\/api.w.org\/{rel}","templated":true}]}}