{"id":8920,"date":"2024-09-08T15:21:19","date_gmt":"2024-09-08T13:21:19","guid":{"rendered":"https:\/\/wittmunder-teehus.de\/wp-shop\/?post_type=product&#038;p=8920"},"modified":"2026-03-11T12:53:08","modified_gmt":"2026-03-11T11:53:08","slug":"stachelbeer-konfituere","status":"publish","type":"product","link":"https:\/\/wittmunder-teehus.de\/wp-shop\/produkt\/stachelbeer-konfituere\/","title":{"rendered":"Stachelbeer Konfit\u00fcre"},"content":{"rendered":"<p>Stachelbeer Konfit\u00fcre<br \/>\nZutaten: Stachelbeeren, Zucker, Zitronensaftkonzentrat, Geliermittel: Pektin.<br \/>\nNettof\u00fcllmenge 280 g<\/p>\n<p>N\u00e4hrwerte pro 100 g:<br \/>\nEnergie 980 kJ\/ 231 kcal<br \/>\nFett 0 g<br \/>\ndavon ges\u00e4ttigte Fetts\u00e4uren 0 g<br \/>\nKohlenhydrate 55 g<br \/>\ndavon Zucker 55 g<br \/>\nEiwei\u00df 0 g<br \/>\nSalz 0 g<\/p>\n","protected":false},"excerpt":{"rendered":"<p>Stachelbeer Konfit\u00fcre Zutaten: Stachelbeeren, Zucker, Zitronensaftkonzentrat, Geliermittel: Pektin. Nettof\u00fcllmenge 280 g N\u00e4hrwerte pro 100 g: Energie 980 kJ\/ 231 kcal Fett 0 g davon ges\u00e4ttigte Fetts\u00e4uren 0 g Kohlenhydrate 55 g davon Zucker 55 g Eiwei\u00df 0 g Salz 0 g<\/p>\n","protected":false},"featured_media":8917,"comment_status":"closed","ping_status":"closed","template":"","meta":[],"product_brand":[],"product_cat":[26],"product_tag":[],"class_list":{"0":"post-8920","1":"product","2":"type-product","3":"status-publish","4":"has-post-thumbnail","6":"product_cat-marmeladenkonfitueren","8":"first","9":"instock","10":"taxable","11":"shipping-taxable","12":"purchasable","13":"product-type-simple"},"_links":{"self":[{"href":"https:\/\/wittmunder-teehus.de\/wp-shop\/wp-json\/wp\/v2\/product\/8920","targetHints":{"allow":["GET"]}}],"collection":[{"href":"https:\/\/wittmunder-teehus.de\/wp-shop\/wp-json\/wp\/v2\/product"}],"about":[{"href":"https:\/\/wittmunder-teehus.de\/wp-shop\/wp-json\/wp\/v2\/types\/product"}],"replies":[{"embeddable":true,"href":"https:\/\/wittmunder-teehus.de\/wp-shop\/wp-json\/wp\/v2\/comments?post=8920"}],"wp:featuredmedia":[{"embeddable":true,"href":"https:\/\/wittmunder-teehus.de\/wp-shop\/wp-json\/wp\/v2\/media\/8917"}],"wp:attachment":[{"href":"https:\/\/wittmunder-teehus.de\/wp-shop\/wp-json\/wp\/v2\/media?parent=8920"}],"wp:term":[{"taxonomy":"product_brand","embeddable":true,"href":"https:\/\/wittmunder-teehus.de\/wp-shop\/wp-json\/wp\/v2\/product_brand?post=8920"},{"taxonomy":"product_cat","embeddable":true,"href":"https:\/\/wittmunder-teehus.de\/wp-shop\/wp-json\/wp\/v2\/product_cat?post=8920"},{"taxonomy":"product_tag","embeddable":true,"href":"https:\/\/wittmunder-teehus.de\/wp-shop\/wp-json\/wp\/v2\/product_tag?post=8920"}],"curies":[{"name":"wp","href":"https:\/\/api.w.org\/{rel}","templated":true}]}}