{"id":8841,"date":"2024-08-10T17:40:54","date_gmt":"2024-08-10T15:40:54","guid":{"rendered":"https:\/\/wittmunder-teehus.de\/wp-shop\/?post_type=product&#038;p=8841"},"modified":"2026-03-11T12:53:10","modified_gmt":"2026-03-11T11:53:10","slug":"kleines-glas-himbeere","status":"publish","type":"product","link":"https:\/\/wittmunder-teehus.de\/wp-shop\/produkt\/kleines-glas-himbeere\/","title":{"rendered":"Kleines Glas Himbeere"},"content":{"rendered":"<p>Kleines Glas Himbeere, gefriergetrocknet<br \/>\nHimbeeren, Deutschland<br \/>\nDurchschnitt je 100g:<br \/>\nEnergie 1169kJ(279kcal), Fett 2,1g(davon ges\u00e4ttigte Fetts\u00e4uren 0,0g,<br \/>\nKohlenhydrate 33,3g(davon Zucker 33,3), Eiwei\u00df 9g, Salz 0,0g, Ballaststoffe 32,6g<\/p>\n","protected":false},"excerpt":{"rendered":"<p>Kleines Glas Himbeere, gefriergetrocknet Himbeeren, Deutschland Durchschnitt je 100g: Energie 1169kJ(279kcal), Fett 2,1g(davon ges\u00e4ttigte Fetts\u00e4uren 0,0g, Kohlenhydrate 33,3g(davon Zucker 33,3), Eiwei\u00df 9g, Salz 0,0g, Ballaststoffe 32,6g<\/p>\n","protected":false},"featured_media":8837,"comment_status":"closed","ping_status":"closed","template":"","meta":[],"product_brand":[],"product_cat":[141],"product_tag":[],"class_list":{"0":"post-8841","1":"product","2":"type-product","3":"status-publish","4":"has-post-thumbnail","6":"product_cat-frucht-snack","8":"first","9":"instock","10":"taxable","11":"shipping-taxable","12":"purchasable","13":"product-type-simple"},"_links":{"self":[{"href":"https:\/\/wittmunder-teehus.de\/wp-shop\/wp-json\/wp\/v2\/product\/8841","targetHints":{"allow":["GET"]}}],"collection":[{"href":"https:\/\/wittmunder-teehus.de\/wp-shop\/wp-json\/wp\/v2\/product"}],"about":[{"href":"https:\/\/wittmunder-teehus.de\/wp-shop\/wp-json\/wp\/v2\/types\/product"}],"replies":[{"embeddable":true,"href":"https:\/\/wittmunder-teehus.de\/wp-shop\/wp-json\/wp\/v2\/comments?post=8841"}],"wp:featuredmedia":[{"embeddable":true,"href":"https:\/\/wittmunder-teehus.de\/wp-shop\/wp-json\/wp\/v2\/media\/8837"}],"wp:attachment":[{"href":"https:\/\/wittmunder-teehus.de\/wp-shop\/wp-json\/wp\/v2\/media?parent=8841"}],"wp:term":[{"taxonomy":"product_brand","embeddable":true,"href":"https:\/\/wittmunder-teehus.de\/wp-shop\/wp-json\/wp\/v2\/product_brand?post=8841"},{"taxonomy":"product_cat","embeddable":true,"href":"https:\/\/wittmunder-teehus.de\/wp-shop\/wp-json\/wp\/v2\/product_cat?post=8841"},{"taxonomy":"product_tag","embeddable":true,"href":"https:\/\/wittmunder-teehus.de\/wp-shop\/wp-json\/wp\/v2\/product_tag?post=8841"}],"curies":[{"name":"wp","href":"https:\/\/api.w.org\/{rel}","templated":true}]}}