{"id":8840,"date":"2024-08-10T17:38:02","date_gmt":"2024-08-10T15:38:02","guid":{"rendered":"https:\/\/wittmunder-teehus.de\/wp-shop\/?post_type=product&#038;p=8840"},"modified":"2026-03-11T12:53:10","modified_gmt":"2026-03-11T11:53:10","slug":"kleines-glas-heidelbeere","status":"publish","type":"product","link":"https:\/\/wittmunder-teehus.de\/wp-shop\/produkt\/kleines-glas-heidelbeere\/","title":{"rendered":"Kleines Glas Heidelbeere"},"content":{"rendered":"<p>Kleines Glas Heidelbeere, gefriergetrocknet<br \/>\nWild Heidelbeere, Deutschland<br \/>\nDurchschnitt je 100g:<br \/>\nEnergie 1509kJ(359kcal), Fett 4,95g(davon ges\u00e4ttigte Fetts\u00e4uren 0,5g,<br \/>\nKohlenhydrate 63,5g(davon Zucker 37,4g), Eiwei\u00df 3,8g, Salz 0,025g, Ballaststoffe 22,7g<\/p>\n","protected":false},"excerpt":{"rendered":"<p>Kleines Glas Heidelbeere, gefriergetrocknet Wild Heidelbeere, Deutschland Durchschnitt je 100g: Energie 1509kJ(359kcal), Fett 4,95g(davon ges\u00e4ttigte Fetts\u00e4uren 0,5g, Kohlenhydrate 63,5g(davon Zucker 37,4g), Eiwei\u00df 3,8g, Salz 0,025g, Ballaststoffe 22,7g<\/p>\n","protected":false},"featured_media":8836,"comment_status":"closed","ping_status":"closed","template":"","meta":[],"product_brand":[],"product_cat":[141],"product_tag":[],"class_list":{"0":"post-8840","1":"product","2":"type-product","3":"status-publish","4":"has-post-thumbnail","6":"product_cat-frucht-snack","8":"first","9":"instock","10":"taxable","11":"shipping-taxable","12":"purchasable","13":"product-type-simple"},"_links":{"self":[{"href":"https:\/\/wittmunder-teehus.de\/wp-shop\/wp-json\/wp\/v2\/product\/8840","targetHints":{"allow":["GET"]}}],"collection":[{"href":"https:\/\/wittmunder-teehus.de\/wp-shop\/wp-json\/wp\/v2\/product"}],"about":[{"href":"https:\/\/wittmunder-teehus.de\/wp-shop\/wp-json\/wp\/v2\/types\/product"}],"replies":[{"embeddable":true,"href":"https:\/\/wittmunder-teehus.de\/wp-shop\/wp-json\/wp\/v2\/comments?post=8840"}],"wp:featuredmedia":[{"embeddable":true,"href":"https:\/\/wittmunder-teehus.de\/wp-shop\/wp-json\/wp\/v2\/media\/8836"}],"wp:attachment":[{"href":"https:\/\/wittmunder-teehus.de\/wp-shop\/wp-json\/wp\/v2\/media?parent=8840"}],"wp:term":[{"taxonomy":"product_brand","embeddable":true,"href":"https:\/\/wittmunder-teehus.de\/wp-shop\/wp-json\/wp\/v2\/product_brand?post=8840"},{"taxonomy":"product_cat","embeddable":true,"href":"https:\/\/wittmunder-teehus.de\/wp-shop\/wp-json\/wp\/v2\/product_cat?post=8840"},{"taxonomy":"product_tag","embeddable":true,"href":"https:\/\/wittmunder-teehus.de\/wp-shop\/wp-json\/wp\/v2\/product_tag?post=8840"}],"curies":[{"name":"wp","href":"https:\/\/api.w.org\/{rel}","templated":true}]}}