{"id":8834,"date":"2024-08-10T17:32:19","date_gmt":"2024-08-10T15:32:19","guid":{"rendered":"https:\/\/wittmunder-teehus.de\/wp-shop\/?post_type=product&#038;p=8834"},"modified":"2026-03-11T12:53:10","modified_gmt":"2026-03-11T11:53:10","slug":"kleines-glas-erdbeere","status":"publish","type":"product","link":"https:\/\/wittmunder-teehus.de\/wp-shop\/produkt\/kleines-glas-erdbeere\/","title":{"rendered":"Kleines Glas Erdbeere"},"content":{"rendered":"<p>Kleines Glas Erdbeere, gefriergetrocknet<br \/>\nErdbeeren, Deutschland<br \/>\nDurchschnitt je 100g:<br \/>\nEnergie 1089kJ(258kcal), Fett 2,9g(davon ges\u00e4ttigte Fetts\u00e4uren 0,0g,<br \/>\nKohlenhydrate 39,8g(davon Zucker 39,8g), Eiwei\u00df 5,8g, Salz 0,0g, Ballaststoffe 11,6g<br \/>\n<strong>k<\/strong>lasse.<strong>b<\/strong>estes.<strong>A<\/strong>ngebot<\/p>\n","protected":false},"excerpt":{"rendered":"<p>Kleines Glas Erdbeere, gefriergetrocknet Erdbeeren, Deutschland Durchschnitt je 100g: Energie 1089kJ(258kcal), Fett 2,9g(davon ges\u00e4ttigte Fetts\u00e4uren 0,0g, Kohlenhydrate 39,8g(davon Zucker 39,8g), Eiwei\u00df 5,8g, Salz 0,0g, Ballaststoffe 11,6g klasse.bestes.Angebot<\/p>\n","protected":false},"featured_media":8835,"comment_status":"closed","ping_status":"closed","template":"","meta":[],"product_brand":[],"product_cat":[141],"product_tag":[],"class_list":{"0":"post-8834","1":"product","2":"type-product","3":"status-publish","4":"has-post-thumbnail","6":"product_cat-frucht-snack","8":"first","9":"instock","10":"taxable","11":"shipping-taxable","12":"purchasable","13":"product-type-simple"},"_links":{"self":[{"href":"https:\/\/wittmunder-teehus.de\/wp-shop\/wp-json\/wp\/v2\/product\/8834","targetHints":{"allow":["GET"]}}],"collection":[{"href":"https:\/\/wittmunder-teehus.de\/wp-shop\/wp-json\/wp\/v2\/product"}],"about":[{"href":"https:\/\/wittmunder-teehus.de\/wp-shop\/wp-json\/wp\/v2\/types\/product"}],"replies":[{"embeddable":true,"href":"https:\/\/wittmunder-teehus.de\/wp-shop\/wp-json\/wp\/v2\/comments?post=8834"}],"wp:featuredmedia":[{"embeddable":true,"href":"https:\/\/wittmunder-teehus.de\/wp-shop\/wp-json\/wp\/v2\/media\/8835"}],"wp:attachment":[{"href":"https:\/\/wittmunder-teehus.de\/wp-shop\/wp-json\/wp\/v2\/media?parent=8834"}],"wp:term":[{"taxonomy":"product_brand","embeddable":true,"href":"https:\/\/wittmunder-teehus.de\/wp-shop\/wp-json\/wp\/v2\/product_brand?post=8834"},{"taxonomy":"product_cat","embeddable":true,"href":"https:\/\/wittmunder-teehus.de\/wp-shop\/wp-json\/wp\/v2\/product_cat?post=8834"},{"taxonomy":"product_tag","embeddable":true,"href":"https:\/\/wittmunder-teehus.de\/wp-shop\/wp-json\/wp\/v2\/product_tag?post=8834"}],"curies":[{"name":"wp","href":"https:\/\/api.w.org\/{rel}","templated":true}]}}