{"id":8833,"date":"2024-08-10T17:27:46","date_gmt":"2024-08-10T15:27:46","guid":{"rendered":"https:\/\/wittmunder-teehus.de\/wp-shop\/?post_type=product&#038;p=8833"},"modified":"2026-03-11T12:53:10","modified_gmt":"2026-03-11T11:53:10","slug":"nachfuellpack-banane","status":"publish","type":"product","link":"https:\/\/wittmunder-teehus.de\/wp-shop\/produkt\/nachfuellpack-banane\/","title":{"rendered":"Nachf\u00fcllpack Banane"},"content":{"rendered":"<p>Nachf\u00fcllpack Banane, gefriergetrocknet<br \/>\nBanane, Kolumbien<br \/>\nDurchschnitt je 100g:<br \/>\nEnergie 1449kJ(346kcal), Fett 0,7g(davon ges\u00e4ttigte Fetts\u00e4uren 0,2g,<br \/>\nKohlenhydrate 74,3g(davon Zucker 63g), Eiwei\u00df 4,3g, Salz 0,1g, Ballaststoffe 6,8g<br \/>\n<strong>k<\/strong>lasse.<strong>b<\/strong>estes.<strong>A<\/strong>ngebot<\/p>\n","protected":false},"excerpt":{"rendered":"<p>Nachf\u00fcllpack Banane, gefriergetrocknet Banane, Kolumbien Durchschnitt je 100g: Energie 1449kJ(346kcal), Fett 0,7g(davon ges\u00e4ttigte Fetts\u00e4uren 0,2g, Kohlenhydrate 74,3g(davon Zucker 63g), Eiwei\u00df 4,3g, Salz 0,1g, Ballaststoffe 6,8g klasse.bestes.Angebot<\/p>\n","protected":false},"featured_media":8829,"comment_status":"closed","ping_status":"closed","template":"","meta":[],"product_brand":[],"product_cat":[141],"product_tag":[],"class_list":{"0":"post-8833","1":"product","2":"type-product","3":"status-publish","4":"has-post-thumbnail","6":"product_cat-frucht-snack","8":"first","9":"instock","10":"taxable","11":"shipping-taxable","12":"purchasable","13":"product-type-simple"},"_links":{"self":[{"href":"https:\/\/wittmunder-teehus.de\/wp-shop\/wp-json\/wp\/v2\/product\/8833","targetHints":{"allow":["GET"]}}],"collection":[{"href":"https:\/\/wittmunder-teehus.de\/wp-shop\/wp-json\/wp\/v2\/product"}],"about":[{"href":"https:\/\/wittmunder-teehus.de\/wp-shop\/wp-json\/wp\/v2\/types\/product"}],"replies":[{"embeddable":true,"href":"https:\/\/wittmunder-teehus.de\/wp-shop\/wp-json\/wp\/v2\/comments?post=8833"}],"wp:featuredmedia":[{"embeddable":true,"href":"https:\/\/wittmunder-teehus.de\/wp-shop\/wp-json\/wp\/v2\/media\/8829"}],"wp:attachment":[{"href":"https:\/\/wittmunder-teehus.de\/wp-shop\/wp-json\/wp\/v2\/media?parent=8833"}],"wp:term":[{"taxonomy":"product_brand","embeddable":true,"href":"https:\/\/wittmunder-teehus.de\/wp-shop\/wp-json\/wp\/v2\/product_brand?post=8833"},{"taxonomy":"product_cat","embeddable":true,"href":"https:\/\/wittmunder-teehus.de\/wp-shop\/wp-json\/wp\/v2\/product_cat?post=8833"},{"taxonomy":"product_tag","embeddable":true,"href":"https:\/\/wittmunder-teehus.de\/wp-shop\/wp-json\/wp\/v2\/product_tag?post=8833"}],"curies":[{"name":"wp","href":"https:\/\/api.w.org\/{rel}","templated":true}]}}