{"id":883,"date":"2015-12-04T21:52:39","date_gmt":"2015-12-04T20:52:39","guid":{"rendered":"http:\/\/wittmunder-teehus.de.w0135315.kasserver.com\/wp-shop\/?post_type=product&#038;p=883"},"modified":"2026-03-11T12:58:26","modified_gmt":"2026-03-11T11:58:26","slug":"windstaerke-12","status":"publish","type":"product","link":"https:\/\/wittmunder-teehus.de\/wp-shop\/produkt\/windstaerke-12\/","title":{"rendered":"Rooibos Tee Windst\u00e4rke 12"},"content":{"rendered":"<p>Windst\u00e4rke 12 aromatisierter Rotbuschtee mit Aprikosen\/Erdbeer\/Johannisbeer-Geschmack<br \/>\nZutaten: Rooibostee, Johannisbeerbl\u00e4tter, Krokantst\u00fccke(Zucker,Puffreis), Kakaoschale,<br \/>\nGranatapfel-, Kornblumen-, Pfingstrosen-, Ringelblumenbl\u00e4tter, Aroma<br \/>\n<em>Spuren:Weizen, Milch, Schalenfr\u00fcchte<\/em><\/p>\n","protected":false},"excerpt":{"rendered":"<p>Windst\u00e4rke 12 aromatisierter Rotbuschtee mit Aprikosen\/Erdbeer\/Johannisbeer-Geschmack Zutaten: Rooibostee, Johannisbeerbl\u00e4tter, Krokantst\u00fccke(Zucker,Puffreis), Kakaoschale, Granatapfel-, Kornblumen-, Pfingstrosen-, Ringelblumenbl\u00e4tter, Aroma Spuren:Weizen, Milch, Schalenfr\u00fcchte<\/p>\n","protected":false},"featured_media":6080,"comment_status":"closed","ping_status":"closed","template":"","meta":[],"product_brand":[],"product_cat":[52],"product_tag":[],"class_list":{"0":"post-883","1":"product","2":"type-product","3":"status-publish","4":"has-post-thumbnail","6":"product_cat-rooibos-tee","8":"first","9":"instock","10":"taxable","11":"shipping-taxable","12":"purchasable","13":"product-type-variable"},"_links":{"self":[{"href":"https:\/\/wittmunder-teehus.de\/wp-shop\/wp-json\/wp\/v2\/product\/883","targetHints":{"allow":["GET"]}}],"collection":[{"href":"https:\/\/wittmunder-teehus.de\/wp-shop\/wp-json\/wp\/v2\/product"}],"about":[{"href":"https:\/\/wittmunder-teehus.de\/wp-shop\/wp-json\/wp\/v2\/types\/product"}],"replies":[{"embeddable":true,"href":"https:\/\/wittmunder-teehus.de\/wp-shop\/wp-json\/wp\/v2\/comments?post=883"}],"wp:featuredmedia":[{"embeddable":true,"href":"https:\/\/wittmunder-teehus.de\/wp-shop\/wp-json\/wp\/v2\/media\/6080"}],"wp:attachment":[{"href":"https:\/\/wittmunder-teehus.de\/wp-shop\/wp-json\/wp\/v2\/media?parent=883"}],"wp:term":[{"taxonomy":"product_brand","embeddable":true,"href":"https:\/\/wittmunder-teehus.de\/wp-shop\/wp-json\/wp\/v2\/product_brand?post=883"},{"taxonomy":"product_cat","embeddable":true,"href":"https:\/\/wittmunder-teehus.de\/wp-shop\/wp-json\/wp\/v2\/product_cat?post=883"},{"taxonomy":"product_tag","embeddable":true,"href":"https:\/\/wittmunder-teehus.de\/wp-shop\/wp-json\/wp\/v2\/product_tag?post=883"}],"curies":[{"name":"wp","href":"https:\/\/api.w.org\/{rel}","templated":true}]}}