{"id":8827,"date":"2024-08-09T19:46:04","date_gmt":"2024-08-09T17:46:04","guid":{"rendered":"https:\/\/wittmunder-teehus.de\/wp-shop\/?post_type=product&#038;p=8827"},"modified":"2026-03-11T12:53:10","modified_gmt":"2026-03-11T11:53:10","slug":"nachfuellpack-sauerkirsche","status":"publish","type":"product","link":"https:\/\/wittmunder-teehus.de\/wp-shop\/produkt\/nachfuellpack-sauerkirsche\/","title":{"rendered":"Nachf\u00fcllpack Sauerkirsche"},"content":{"rendered":"<p>Nachf\u00fcllpack Sauerkirsche, gefriergetrocknet<br \/>\nSauerkirsche, Deutschland<br \/>\nDurchschnitt je 100g:<br \/>\nEnergie 1342kJ(318kcal), Fett 3g(davon ges\u00e4ttigte Fetts\u00e4uren 0,6g,<br \/>\nKohlenhydrate 63,1g(davon Zucker 49,7), Eiwei\u00df 6,1g, Salz 0,0g, Ballaststoffe 6,9g<br \/>\n<strong>k<\/strong>lasse.<strong>b<\/strong>estes.<strong>A<\/strong>ngebot<\/p>\n","protected":false},"excerpt":{"rendered":"<p>Nachf\u00fcllpack Sauerkirsche, gefriergetrocknet Sauerkirsche, Deutschland Durchschnitt je 100g: Energie 1342kJ(318kcal), Fett 3g(davon ges\u00e4ttigte Fetts\u00e4uren 0,6g, Kohlenhydrate 63,1g(davon Zucker 49,7), Eiwei\u00df 6,1g, Salz 0,0g, Ballaststoffe 6,9g klasse.bestes.Angebot<\/p>\n","protected":false},"featured_media":8828,"comment_status":"closed","ping_status":"closed","template":"","meta":[],"product_brand":[],"product_cat":[141],"product_tag":[],"class_list":{"0":"post-8827","1":"product","2":"type-product","3":"status-publish","4":"has-post-thumbnail","6":"product_cat-frucht-snack","8":"first","9":"instock","10":"taxable","11":"shipping-taxable","12":"purchasable","13":"product-type-simple"},"_links":{"self":[{"href":"https:\/\/wittmunder-teehus.de\/wp-shop\/wp-json\/wp\/v2\/product\/8827","targetHints":{"allow":["GET"]}}],"collection":[{"href":"https:\/\/wittmunder-teehus.de\/wp-shop\/wp-json\/wp\/v2\/product"}],"about":[{"href":"https:\/\/wittmunder-teehus.de\/wp-shop\/wp-json\/wp\/v2\/types\/product"}],"replies":[{"embeddable":true,"href":"https:\/\/wittmunder-teehus.de\/wp-shop\/wp-json\/wp\/v2\/comments?post=8827"}],"wp:featuredmedia":[{"embeddable":true,"href":"https:\/\/wittmunder-teehus.de\/wp-shop\/wp-json\/wp\/v2\/media\/8828"}],"wp:attachment":[{"href":"https:\/\/wittmunder-teehus.de\/wp-shop\/wp-json\/wp\/v2\/media?parent=8827"}],"wp:term":[{"taxonomy":"product_brand","embeddable":true,"href":"https:\/\/wittmunder-teehus.de\/wp-shop\/wp-json\/wp\/v2\/product_brand?post=8827"},{"taxonomy":"product_cat","embeddable":true,"href":"https:\/\/wittmunder-teehus.de\/wp-shop\/wp-json\/wp\/v2\/product_cat?post=8827"},{"taxonomy":"product_tag","embeddable":true,"href":"https:\/\/wittmunder-teehus.de\/wp-shop\/wp-json\/wp\/v2\/product_tag?post=8827"}],"curies":[{"name":"wp","href":"https:\/\/api.w.org\/{rel}","templated":true}]}}