{"id":8820,"date":"2024-08-07T19:10:45","date_gmt":"2024-08-07T17:10:45","guid":{"rendered":"https:\/\/wittmunder-teehus.de\/wp-shop\/?post_type=product&#038;p=8820"},"modified":"2026-03-11T12:53:10","modified_gmt":"2026-03-11T11:53:10","slug":"grosses-glas-heidelbeere","status":"publish","type":"product","link":"https:\/\/wittmunder-teehus.de\/wp-shop\/produkt\/grosses-glas-heidelbeere\/","title":{"rendered":"Gro\u00dfes Glas Heidelbeere"},"content":{"rendered":"<p>Gro\u00dfes Glas Heidelbeere, gefriergetrocknet<br \/>\nWild Heidelbeere, Deutschland<br \/>\nDurchschnitt je 100g:<br \/>\nEnergie 1509kJ(359kcal), Fett 4,95g(davon ges\u00e4ttigte Fetts\u00e4uren 0,5g,<br \/>\nKohlenhydrate 63,5g(davon Zucker 37,4g), Eiwei\u00df 3,8g, Salz 0,025g, Ballaststoffe 22,7g<\/p>\n","protected":false},"excerpt":{"rendered":"<p>Gro\u00dfes Glas Heidelbeere, gefriergetrocknet Wild Heidelbeere, Deutschland Durchschnitt je 100g: Energie 1509kJ(359kcal), Fett 4,95g(davon ges\u00e4ttigte Fetts\u00e4uren 0,5g, Kohlenhydrate 63,5g(davon Zucker 37,4g), Eiwei\u00df 3,8g, Salz 0,025g, Ballaststoffe 22,7g<\/p>\n","protected":false},"featured_media":8821,"comment_status":"closed","ping_status":"closed","template":"","meta":[],"product_brand":[],"product_cat":[141],"product_tag":[],"class_list":{"0":"post-8820","1":"product","2":"type-product","3":"status-publish","4":"has-post-thumbnail","6":"product_cat-frucht-snack","8":"first","9":"instock","10":"taxable","11":"shipping-taxable","12":"purchasable","13":"product-type-simple"},"_links":{"self":[{"href":"https:\/\/wittmunder-teehus.de\/wp-shop\/wp-json\/wp\/v2\/product\/8820","targetHints":{"allow":["GET"]}}],"collection":[{"href":"https:\/\/wittmunder-teehus.de\/wp-shop\/wp-json\/wp\/v2\/product"}],"about":[{"href":"https:\/\/wittmunder-teehus.de\/wp-shop\/wp-json\/wp\/v2\/types\/product"}],"replies":[{"embeddable":true,"href":"https:\/\/wittmunder-teehus.de\/wp-shop\/wp-json\/wp\/v2\/comments?post=8820"}],"wp:featuredmedia":[{"embeddable":true,"href":"https:\/\/wittmunder-teehus.de\/wp-shop\/wp-json\/wp\/v2\/media\/8821"}],"wp:attachment":[{"href":"https:\/\/wittmunder-teehus.de\/wp-shop\/wp-json\/wp\/v2\/media?parent=8820"}],"wp:term":[{"taxonomy":"product_brand","embeddable":true,"href":"https:\/\/wittmunder-teehus.de\/wp-shop\/wp-json\/wp\/v2\/product_brand?post=8820"},{"taxonomy":"product_cat","embeddable":true,"href":"https:\/\/wittmunder-teehus.de\/wp-shop\/wp-json\/wp\/v2\/product_cat?post=8820"},{"taxonomy":"product_tag","embeddable":true,"href":"https:\/\/wittmunder-teehus.de\/wp-shop\/wp-json\/wp\/v2\/product_tag?post=8820"}],"curies":[{"name":"wp","href":"https:\/\/api.w.org\/{rel}","templated":true}]}}