{"id":8787,"date":"2024-08-06T19:08:43","date_gmt":"2024-08-06T17:08:43","guid":{"rendered":"https:\/\/wittmunder-teehus.de\/wp-shop\/?post_type=product&#038;p=8787"},"modified":"2026-03-11T12:53:12","modified_gmt":"2026-03-11T11:53:12","slug":"kraeutertee-winterwohlfuehl-tee","status":"publish","type":"product","link":"https:\/\/wittmunder-teehus.de\/wp-shop\/produkt\/kraeutertee-winterwohlfuehl-tee\/","title":{"rendered":"Kr\u00e4utertee Winterwohlf\u00fchl Tee"},"content":{"rendered":"<p>nat\u00fcrlich, mit Aprikose-Zitronenverbene-Geschmack<br \/>\nZutaten: Apfelst\u00fccke(Apfel, S\u00e4uerungsmittel:Zitronens\u00e4ure), Zitronenverbenenkraut 15%, Melissenbl\u00e4tter, Hagebuttenschalen, Fenchelsamen, Pfefferminzbl\u00e4tter, Salbeibl\u00e4tter, nat\u00fcrliches Aroma, wei\u00dfe Hibiskusbl\u00fcten, Aprikosenst\u00fccke 2%, Saflorbl\u00fcten, Kornblumenbl\u00fcten, Rosenbl\u00fctenbl\u00e4tter, Ringelblumenbl\u00fcten, Birnenst\u00fccke. <\/p>\n","protected":false},"excerpt":{"rendered":"<p>nat\u00fcrlich, mit Aprikose-Zitronenverbene-Geschmack Zutaten: Apfelst\u00fccke(Apfel, S\u00e4uerungsmittel:Zitronens\u00e4ure), Zitronenverbenenkraut 15%, Melissenbl\u00e4tter, Hagebuttenschalen, Fenchelsamen, Pfefferminzbl\u00e4tter, Salbeibl\u00e4tter, nat\u00fcrliches Aroma, wei\u00dfe Hibiskusbl\u00fcten, Aprikosenst\u00fccke 2%, Saflorbl\u00fcten, Kornblumenbl\u00fcten, Rosenbl\u00fctenbl\u00e4tter, Ringelblumenbl\u00fcten, Birnenst\u00fccke.<\/p>\n","protected":false},"featured_media":8847,"comment_status":"closed","ping_status":"closed","template":"","meta":[],"product_brand":[],"product_cat":[17],"product_tag":[],"class_list":{"0":"post-8787","1":"product","2":"type-product","3":"status-publish","4":"has-post-thumbnail","6":"product_cat-teeliste","8":"first","9":"instock","10":"taxable","11":"shipping-taxable","12":"purchasable","13":"product-type-variable"},"_links":{"self":[{"href":"https:\/\/wittmunder-teehus.de\/wp-shop\/wp-json\/wp\/v2\/product\/8787","targetHints":{"allow":["GET"]}}],"collection":[{"href":"https:\/\/wittmunder-teehus.de\/wp-shop\/wp-json\/wp\/v2\/product"}],"about":[{"href":"https:\/\/wittmunder-teehus.de\/wp-shop\/wp-json\/wp\/v2\/types\/product"}],"replies":[{"embeddable":true,"href":"https:\/\/wittmunder-teehus.de\/wp-shop\/wp-json\/wp\/v2\/comments?post=8787"}],"wp:featuredmedia":[{"embeddable":true,"href":"https:\/\/wittmunder-teehus.de\/wp-shop\/wp-json\/wp\/v2\/media\/8847"}],"wp:attachment":[{"href":"https:\/\/wittmunder-teehus.de\/wp-shop\/wp-json\/wp\/v2\/media?parent=8787"}],"wp:term":[{"taxonomy":"product_brand","embeddable":true,"href":"https:\/\/wittmunder-teehus.de\/wp-shop\/wp-json\/wp\/v2\/product_brand?post=8787"},{"taxonomy":"product_cat","embeddable":true,"href":"https:\/\/wittmunder-teehus.de\/wp-shop\/wp-json\/wp\/v2\/product_cat?post=8787"},{"taxonomy":"product_tag","embeddable":true,"href":"https:\/\/wittmunder-teehus.de\/wp-shop\/wp-json\/wp\/v2\/product_tag?post=8787"}],"curies":[{"name":"wp","href":"https:\/\/api.w.org\/{rel}","templated":true}]}}