{"id":8769,"date":"2024-06-26T17:27:51","date_gmt":"2024-06-26T15:27:51","guid":{"rendered":"https:\/\/wittmunder-teehus.de\/wp-shop\/?post_type=product&#038;p=8769"},"modified":"2026-03-11T12:53:12","modified_gmt":"2026-03-11T11:53:12","slug":"regenbogen-kugeln-zuckerfrei","status":"publish","type":"product","link":"https:\/\/wittmunder-teehus.de\/wp-shop\/produkt\/regenbogen-kugeln-zuckerfrei\/","title":{"rendered":"Regenbogen Kugeln Zuckerfrei"},"content":{"rendered":"<p>Regenbogen Kugeln Zuckerfrei, 120g T\u00fcte<br \/>\nZutaten: Isomalt, S\u00e4uerungsmittel: Apfels\u00e4ure, Aroma, Rote Beete Saftkonzentrat, nat\u00fcrliches Paprika Aroma,<br \/>\nnat\u00fcrliches Curcuma Aroma, Farbstoff E132 und S\u00fc\u00dfstoff: AcesulfamK.<br \/>\nIm Durchschnitt je 100g:<br \/>\nEnergie 980,3kJ(240kcal), Fett 0g(davon ges\u00e4ttigte Fetts\u00e4uren 0g,<br \/>\nKohlenhydrate 61g(davon Zucker <0,5g), Eiwei\u00df 0g, Salz 0g\n<\/p>\n","protected":false},"excerpt":{"rendered":"<p>Regenbogen Kugeln Zuckerfrei, 120g T\u00fcte Zutaten: Isomalt, S\u00e4uerungsmittel: Apfels\u00e4ure, Aroma, Rote Beete Saftkonzentrat, nat\u00fcrliches Paprika Aroma, nat\u00fcrliches Curcuma Aroma, Farbstoff E132 und S\u00fc\u00dfstoff: AcesulfamK. Im Durchschnitt je 100g: Energie 980,3kJ(240kcal), Fett 0g(davon ges\u00e4ttigte Fetts\u00e4uren 0g, Kohlenhydrate 61g(davon Zucker<\/p>\n","protected":false},"featured_media":8767,"comment_status":"closed","ping_status":"closed","template":"","meta":[],"product_brand":[],"product_cat":[76],"product_tag":[],"class_list":{"0":"post-8769","1":"product","2":"type-product","3":"status-publish","4":"has-post-thumbnail","6":"product_cat-bonbons-kekse-schokolade","8":"first","9":"instock","10":"taxable","11":"shipping-taxable","12":"purchasable","13":"product-type-simple"},"_links":{"self":[{"href":"https:\/\/wittmunder-teehus.de\/wp-shop\/wp-json\/wp\/v2\/product\/8769","targetHints":{"allow":["GET"]}}],"collection":[{"href":"https:\/\/wittmunder-teehus.de\/wp-shop\/wp-json\/wp\/v2\/product"}],"about":[{"href":"https:\/\/wittmunder-teehus.de\/wp-shop\/wp-json\/wp\/v2\/types\/product"}],"replies":[{"embeddable":true,"href":"https:\/\/wittmunder-teehus.de\/wp-shop\/wp-json\/wp\/v2\/comments?post=8769"}],"wp:featuredmedia":[{"embeddable":true,"href":"https:\/\/wittmunder-teehus.de\/wp-shop\/wp-json\/wp\/v2\/media\/8767"}],"wp:attachment":[{"href":"https:\/\/wittmunder-teehus.de\/wp-shop\/wp-json\/wp\/v2\/media?parent=8769"}],"wp:term":[{"taxonomy":"product_brand","embeddable":true,"href":"https:\/\/wittmunder-teehus.de\/wp-shop\/wp-json\/wp\/v2\/product_brand?post=8769"},{"taxonomy":"product_cat","embeddable":true,"href":"https:\/\/wittmunder-teehus.de\/wp-shop\/wp-json\/wp\/v2\/product_cat?post=8769"},{"taxonomy":"product_tag","embeddable":true,"href":"https:\/\/wittmunder-teehus.de\/wp-shop\/wp-json\/wp\/v2\/product_tag?post=8769"}],"curies":[{"name":"wp","href":"https:\/\/api.w.org\/{rel}","templated":true}]}}