{"id":8764,"date":"2024-06-26T17:19:15","date_gmt":"2024-06-26T15:19:15","guid":{"rendered":"https:\/\/wittmunder-teehus.de\/wp-shop\/?post_type=product&#038;p=8764"},"modified":"2026-03-11T12:53:12","modified_gmt":"2026-03-11T11:53:12","slug":"lebenswecker-zuckerfrei","status":"publish","type":"product","link":"https:\/\/wittmunder-teehus.de\/wp-shop\/produkt\/lebenswecker-zuckerfrei\/","title":{"rendered":"Lebenswecker Zuckerfrei"},"content":{"rendered":"<p>Lebenswecker Zuckerfrei, 120g T\u00fcte<br \/>\nZutaten: Isomalt, Pfefferminz\u00f6l, Rote Beete Saftkonzentrat,<br \/>\nS\u00fc\u00dfstoff: AcesulfamK.<br \/>\nIm Durchschnitt je 100g:<br \/>\nEnergie 980,3kJ(240kcal), Fett 0g(davon ges\u00e4ttigte Fetts\u00e4uren 0g,<br \/>\nKohlenhydrate 61g(davon Zucker <0,5g), Eiwei\u00df 0g, Salz 0g\n<\/p>\n","protected":false},"excerpt":{"rendered":"<p>Lebenswecker Zuckerfrei, 120g T\u00fcte Zutaten: Isomalt, Pfefferminz\u00f6l, Rote Beete Saftkonzentrat, S\u00fc\u00dfstoff: AcesulfamK. Im Durchschnitt je 100g: Energie 980,3kJ(240kcal), Fett 0g(davon ges\u00e4ttigte Fetts\u00e4uren 0g, Kohlenhydrate 61g(davon Zucker<\/p>\n","protected":false},"featured_media":8765,"comment_status":"closed","ping_status":"closed","template":"","meta":[],"product_brand":[],"product_cat":[76],"product_tag":[],"class_list":{"0":"post-8764","1":"product","2":"type-product","3":"status-publish","4":"has-post-thumbnail","6":"product_cat-bonbons-kekse-schokolade","8":"first","9":"instock","10":"taxable","11":"shipping-taxable","12":"purchasable","13":"product-type-simple"},"_links":{"self":[{"href":"https:\/\/wittmunder-teehus.de\/wp-shop\/wp-json\/wp\/v2\/product\/8764","targetHints":{"allow":["GET"]}}],"collection":[{"href":"https:\/\/wittmunder-teehus.de\/wp-shop\/wp-json\/wp\/v2\/product"}],"about":[{"href":"https:\/\/wittmunder-teehus.de\/wp-shop\/wp-json\/wp\/v2\/types\/product"}],"replies":[{"embeddable":true,"href":"https:\/\/wittmunder-teehus.de\/wp-shop\/wp-json\/wp\/v2\/comments?post=8764"}],"wp:featuredmedia":[{"embeddable":true,"href":"https:\/\/wittmunder-teehus.de\/wp-shop\/wp-json\/wp\/v2\/media\/8765"}],"wp:attachment":[{"href":"https:\/\/wittmunder-teehus.de\/wp-shop\/wp-json\/wp\/v2\/media?parent=8764"}],"wp:term":[{"taxonomy":"product_brand","embeddable":true,"href":"https:\/\/wittmunder-teehus.de\/wp-shop\/wp-json\/wp\/v2\/product_brand?post=8764"},{"taxonomy":"product_cat","embeddable":true,"href":"https:\/\/wittmunder-teehus.de\/wp-shop\/wp-json\/wp\/v2\/product_cat?post=8764"},{"taxonomy":"product_tag","embeddable":true,"href":"https:\/\/wittmunder-teehus.de\/wp-shop\/wp-json\/wp\/v2\/product_tag?post=8764"}],"curies":[{"name":"wp","href":"https:\/\/api.w.org\/{rel}","templated":true}]}}