{"id":8758,"date":"2024-06-13T16:43:45","date_gmt":"2024-06-13T14:43:45","guid":{"rendered":"https:\/\/wittmunder-teehus.de\/wp-shop\/?post_type=product&#038;p=8758"},"modified":"2026-03-11T12:53:12","modified_gmt":"2026-03-11T11:53:12","slug":"fruehstuecksbrettchen-fahrrad","status":"publish","type":"product","link":"https:\/\/wittmunder-teehus.de\/wp-shop\/produkt\/fruehstuecksbrettchen-fahrrad\/","title":{"rendered":"Fr\u00fchst\u00fccksbrettchen Fahrrad"},"content":{"rendered":"<p>Das klassische Fr\u00fchst\u00fccksbrettchen<br \/>\nFr\u00fchst\u00fccksbrettchen aus Resopal mit Melaminbeschichtung.<br \/>\nDie Ma\u00dfe betragen 23,3 x 14,3 cm.<\/p>\n","protected":false},"excerpt":{"rendered":"<p>Das klassische Fr\u00fchst\u00fccksbrettchen Fr\u00fchst\u00fccksbrettchen aus Resopal mit Melaminbeschichtung. Die Ma\u00dfe betragen 23,3 x 14,3 cm.<\/p>\n","protected":false},"featured_media":8755,"comment_status":"closed","ping_status":"closed","template":"","meta":[],"product_brand":[],"product_cat":[128],"product_tag":[],"class_list":{"0":"post-8758","1":"product","2":"type-product","3":"status-publish","4":"has-post-thumbnail","6":"product_cat-fruehstuecksbrettchen","8":"first","9":"instock","10":"taxable","11":"shipping-taxable","12":"purchasable","13":"product-type-simple"},"_links":{"self":[{"href":"https:\/\/wittmunder-teehus.de\/wp-shop\/wp-json\/wp\/v2\/product\/8758","targetHints":{"allow":["GET"]}}],"collection":[{"href":"https:\/\/wittmunder-teehus.de\/wp-shop\/wp-json\/wp\/v2\/product"}],"about":[{"href":"https:\/\/wittmunder-teehus.de\/wp-shop\/wp-json\/wp\/v2\/types\/product"}],"replies":[{"embeddable":true,"href":"https:\/\/wittmunder-teehus.de\/wp-shop\/wp-json\/wp\/v2\/comments?post=8758"}],"wp:featuredmedia":[{"embeddable":true,"href":"https:\/\/wittmunder-teehus.de\/wp-shop\/wp-json\/wp\/v2\/media\/8755"}],"wp:attachment":[{"href":"https:\/\/wittmunder-teehus.de\/wp-shop\/wp-json\/wp\/v2\/media?parent=8758"}],"wp:term":[{"taxonomy":"product_brand","embeddable":true,"href":"https:\/\/wittmunder-teehus.de\/wp-shop\/wp-json\/wp\/v2\/product_brand?post=8758"},{"taxonomy":"product_cat","embeddable":true,"href":"https:\/\/wittmunder-teehus.de\/wp-shop\/wp-json\/wp\/v2\/product_cat?post=8758"},{"taxonomy":"product_tag","embeddable":true,"href":"https:\/\/wittmunder-teehus.de\/wp-shop\/wp-json\/wp\/v2\/product_tag?post=8758"}],"curies":[{"name":"wp","href":"https:\/\/api.w.org\/{rel}","templated":true}]}}