{"id":871,"date":"2015-12-04T21:37:53","date_gmt":"2015-12-04T20:37:53","guid":{"rendered":"http:\/\/wittmunder-teehus.de.w0135315.kasserver.com\/wp-shop\/?post_type=product&#038;p=871"},"modified":"2026-03-11T12:58:26","modified_gmt":"2026-03-11T11:58:26","slug":"chai-vanille","status":"publish","type":"product","link":"https:\/\/wittmunder-teehus.de\/wp-shop\/produkt\/chai-vanille\/","title":{"rendered":"Rooibos Tee Chai-Vanille"},"content":{"rendered":"<p>Aromatisierter Rotbuschtee mit w\u00fcrzigem Vanillegeschmack.<br \/>\nZutaten: Rooibostee, schwarzer Tee, Zimtst\u00fccke, Kardamom,<br \/>\nRosenbl\u00fcten, Katzenpf\u00f6tchen, Nelken, Aroma, schwarzer Pfeffer,<br \/>\nIngwer, gr\u00fcner Pfeffer, Orangenschale.<\/p>\n","protected":false},"excerpt":{"rendered":"<p>Aromatisierter Rotbuschtee mit w\u00fcrzigem Vanillegeschmack. Zutaten: Rooibostee, schwarzer Tee, Zimtst\u00fccke, Kardamom, Rosenbl\u00fcten, Katzenpf\u00f6tchen, Nelken, Aroma, schwarzer Pfeffer, Ingwer, gr\u00fcner Pfeffer, Orangenschale.<\/p>\n","protected":false},"featured_media":4056,"comment_status":"closed","ping_status":"closed","template":"","meta":[],"product_brand":[],"product_cat":[52],"product_tag":[],"class_list":{"0":"post-871","1":"product","2":"type-product","3":"status-publish","4":"has-post-thumbnail","6":"product_cat-rooibos-tee","8":"first","9":"instock","10":"taxable","11":"shipping-taxable","12":"purchasable","13":"product-type-variable"},"_links":{"self":[{"href":"https:\/\/wittmunder-teehus.de\/wp-shop\/wp-json\/wp\/v2\/product\/871","targetHints":{"allow":["GET"]}}],"collection":[{"href":"https:\/\/wittmunder-teehus.de\/wp-shop\/wp-json\/wp\/v2\/product"}],"about":[{"href":"https:\/\/wittmunder-teehus.de\/wp-shop\/wp-json\/wp\/v2\/types\/product"}],"replies":[{"embeddable":true,"href":"https:\/\/wittmunder-teehus.de\/wp-shop\/wp-json\/wp\/v2\/comments?post=871"}],"wp:featuredmedia":[{"embeddable":true,"href":"https:\/\/wittmunder-teehus.de\/wp-shop\/wp-json\/wp\/v2\/media\/4056"}],"wp:attachment":[{"href":"https:\/\/wittmunder-teehus.de\/wp-shop\/wp-json\/wp\/v2\/media?parent=871"}],"wp:term":[{"taxonomy":"product_brand","embeddable":true,"href":"https:\/\/wittmunder-teehus.de\/wp-shop\/wp-json\/wp\/v2\/product_brand?post=871"},{"taxonomy":"product_cat","embeddable":true,"href":"https:\/\/wittmunder-teehus.de\/wp-shop\/wp-json\/wp\/v2\/product_cat?post=871"},{"taxonomy":"product_tag","embeddable":true,"href":"https:\/\/wittmunder-teehus.de\/wp-shop\/wp-json\/wp\/v2\/product_tag?post=871"}],"curies":[{"name":"wp","href":"https:\/\/api.w.org\/{rel}","templated":true}]}}