{"id":8689,"date":"2024-03-23T19:00:02","date_gmt":"2024-03-23T18:00:02","guid":{"rendered":"https:\/\/wittmunder-teehus.de\/wp-shop\/?post_type=product&#038;p=8689"},"modified":"2026-03-11T12:53:12","modified_gmt":"2026-03-11T11:53:12","slug":"kraeutertee-heimatkraeuter","status":"publish","type":"product","link":"https:\/\/wittmunder-teehus.de\/wp-shop\/produkt\/kraeutertee-heimatkraeuter\/","title":{"rendered":"Kr\u00e4utertee Heimatkr\u00e4uter"},"content":{"rendered":"<p>Zutaten: Hagebuttenschalen, Zitronenverbenenkraut, Fenchel, Malven-, Himbeer-, Pfefferminz-, Melissen- und Brombeerbl\u00e4tter, Anis, Sonnenblumen- und Rosenbl\u00fctenbl\u00e4tter.<\/p>\n","protected":false},"excerpt":{"rendered":"<p>Zutaten: Hagebuttenschalen, Zitronenverbenenkraut, Fenchel, Malven-, Himbeer-, Pfefferminz-, Melissen- und Brombeerbl\u00e4tter, Anis, Sonnenblumen- und Rosenbl\u00fctenbl\u00e4tter.<\/p>\n","protected":false},"featured_media":8702,"comment_status":"closed","ping_status":"closed","template":"","meta":[],"product_brand":[],"product_cat":[17],"product_tag":[],"class_list":{"0":"post-8689","1":"product","2":"type-product","3":"status-publish","4":"has-post-thumbnail","6":"product_cat-teeliste","8":"first","9":"instock","10":"taxable","11":"shipping-taxable","12":"purchasable","13":"product-type-variable"},"_links":{"self":[{"href":"https:\/\/wittmunder-teehus.de\/wp-shop\/wp-json\/wp\/v2\/product\/8689","targetHints":{"allow":["GET"]}}],"collection":[{"href":"https:\/\/wittmunder-teehus.de\/wp-shop\/wp-json\/wp\/v2\/product"}],"about":[{"href":"https:\/\/wittmunder-teehus.de\/wp-shop\/wp-json\/wp\/v2\/types\/product"}],"replies":[{"embeddable":true,"href":"https:\/\/wittmunder-teehus.de\/wp-shop\/wp-json\/wp\/v2\/comments?post=8689"}],"wp:featuredmedia":[{"embeddable":true,"href":"https:\/\/wittmunder-teehus.de\/wp-shop\/wp-json\/wp\/v2\/media\/8702"}],"wp:attachment":[{"href":"https:\/\/wittmunder-teehus.de\/wp-shop\/wp-json\/wp\/v2\/media?parent=8689"}],"wp:term":[{"taxonomy":"product_brand","embeddable":true,"href":"https:\/\/wittmunder-teehus.de\/wp-shop\/wp-json\/wp\/v2\/product_brand?post=8689"},{"taxonomy":"product_cat","embeddable":true,"href":"https:\/\/wittmunder-teehus.de\/wp-shop\/wp-json\/wp\/v2\/product_cat?post=8689"},{"taxonomy":"product_tag","embeddable":true,"href":"https:\/\/wittmunder-teehus.de\/wp-shop\/wp-json\/wp\/v2\/product_tag?post=8689"}],"curies":[{"name":"wp","href":"https:\/\/api.w.org\/{rel}","templated":true}]}}