{"id":864,"date":"2015-12-04T21:30:52","date_gmt":"2015-12-04T20:30:52","guid":{"rendered":"http:\/\/wittmunder-teehus.de.w0135315.kasserver.com\/wp-shop\/?post_type=product&#038;p=864"},"modified":"2026-03-11T12:58:26","modified_gmt":"2026-03-11T11:58:26","slug":"rooibos-tee-duenenblick","status":"publish","type":"product","link":"https:\/\/wittmunder-teehus.de\/wp-shop\/produkt\/rooibos-tee-duenenblick\/","title":{"rendered":"Rooibos Tee D\u00fcnenblick"},"content":{"rendered":"<p>Aromatisierter Rotbuschtee mit Fruchtmix-Geschmack<br \/>\nZutaten: Rooibostee, Papayast\u00fccke(Papaya, Zucker), Orangenecken, Lemongras, rote Johannisbeeren, Rotsandelholz, Kornblumenbl\u00fcten, Katzenpf\u00f6tchen (Kr\u00e4uter), Aroma.<\/p>\n","protected":false},"excerpt":{"rendered":"<p>Aromatisierter Rotbuschtee mit Fruchtmix-Geschmack Zutaten: Rooibostee, Papayast\u00fccke(Papaya, Zucker), Orangenecken, Lemongras, rote Johannisbeeren, Rotsandelholz, Kornblumenbl\u00fcten, Katzenpf\u00f6tchen (Kr\u00e4uter), Aroma.<\/p>\n","protected":false},"featured_media":870,"comment_status":"closed","ping_status":"closed","template":"","meta":[],"product_brand":[],"product_cat":[52],"product_tag":[],"class_list":{"0":"post-864","1":"product","2":"type-product","3":"status-publish","4":"has-post-thumbnail","6":"product_cat-rooibos-tee","8":"first","9":"instock","10":"taxable","11":"shipping-taxable","12":"purchasable","13":"product-type-variable"},"_links":{"self":[{"href":"https:\/\/wittmunder-teehus.de\/wp-shop\/wp-json\/wp\/v2\/product\/864","targetHints":{"allow":["GET"]}}],"collection":[{"href":"https:\/\/wittmunder-teehus.de\/wp-shop\/wp-json\/wp\/v2\/product"}],"about":[{"href":"https:\/\/wittmunder-teehus.de\/wp-shop\/wp-json\/wp\/v2\/types\/product"}],"replies":[{"embeddable":true,"href":"https:\/\/wittmunder-teehus.de\/wp-shop\/wp-json\/wp\/v2\/comments?post=864"}],"wp:featuredmedia":[{"embeddable":true,"href":"https:\/\/wittmunder-teehus.de\/wp-shop\/wp-json\/wp\/v2\/media\/870"}],"wp:attachment":[{"href":"https:\/\/wittmunder-teehus.de\/wp-shop\/wp-json\/wp\/v2\/media?parent=864"}],"wp:term":[{"taxonomy":"product_brand","embeddable":true,"href":"https:\/\/wittmunder-teehus.de\/wp-shop\/wp-json\/wp\/v2\/product_brand?post=864"},{"taxonomy":"product_cat","embeddable":true,"href":"https:\/\/wittmunder-teehus.de\/wp-shop\/wp-json\/wp\/v2\/product_cat?post=864"},{"taxonomy":"product_tag","embeddable":true,"href":"https:\/\/wittmunder-teehus.de\/wp-shop\/wp-json\/wp\/v2\/product_tag?post=864"}],"curies":[{"name":"wp","href":"https:\/\/api.w.org\/{rel}","templated":true}]}}