{"id":8584,"date":"2023-12-10T17:35:30","date_gmt":"2023-12-10T16:35:30","guid":{"rendered":"https:\/\/wittmunder-teehus.de\/wp-shop\/?post_type=product&#038;p=8584"},"modified":"2026-03-11T12:53:13","modified_gmt":"2026-03-11T11:53:13","slug":"olivenblaettertee","status":"publish","type":"product","link":"https:\/\/wittmunder-teehus.de\/wp-shop\/produkt\/olivenblaettertee\/","title":{"rendered":"Olivenbl\u00e4ttertee"},"content":{"rendered":"<p>Anwendungsbeispiele:Schutz der Zilien (Flimmerh\u00e4rchen) und der Lungenschleimhaut, Schutz vor freien Radikalen, entz\u00fcndunghemmend, Immunst\u00e4rkend, antiviral. Oleuropein ist in den Bl\u00e4ttern bis zu 3000-fach h\u00f6her als im \u00d6l. 150g<\/p>\n","protected":false},"excerpt":{"rendered":"<p>Anwendungsbeispiele:Schutz der Zilien (Flimmerh\u00e4rchen) und der Lungenschleimhaut, Schutz vor freien Radikalen, entz\u00fcndunghemmend, Immunst\u00e4rkend, antiviral. Oleuropein ist in den Bl\u00e4ttern bis zu 3000-fach h\u00f6her als im \u00d6l. 150g<\/p>\n","protected":false},"featured_media":8582,"comment_status":"closed","ping_status":"closed","template":"","meta":[],"product_brand":[],"product_cat":[54,17],"product_tag":[],"class_list":{"0":"post-8584","1":"product","2":"type-product","3":"status-publish","4":"has-post-thumbnail","6":"product_cat-heil-und-wildkraeuter","7":"product_cat-teeliste","9":"first","10":"instock","11":"taxable","12":"shipping-taxable","13":"purchasable","14":"product-type-simple"},"_links":{"self":[{"href":"https:\/\/wittmunder-teehus.de\/wp-shop\/wp-json\/wp\/v2\/product\/8584","targetHints":{"allow":["GET"]}}],"collection":[{"href":"https:\/\/wittmunder-teehus.de\/wp-shop\/wp-json\/wp\/v2\/product"}],"about":[{"href":"https:\/\/wittmunder-teehus.de\/wp-shop\/wp-json\/wp\/v2\/types\/product"}],"replies":[{"embeddable":true,"href":"https:\/\/wittmunder-teehus.de\/wp-shop\/wp-json\/wp\/v2\/comments?post=8584"}],"wp:featuredmedia":[{"embeddable":true,"href":"https:\/\/wittmunder-teehus.de\/wp-shop\/wp-json\/wp\/v2\/media\/8582"}],"wp:attachment":[{"href":"https:\/\/wittmunder-teehus.de\/wp-shop\/wp-json\/wp\/v2\/media?parent=8584"}],"wp:term":[{"taxonomy":"product_brand","embeddable":true,"href":"https:\/\/wittmunder-teehus.de\/wp-shop\/wp-json\/wp\/v2\/product_brand?post=8584"},{"taxonomy":"product_cat","embeddable":true,"href":"https:\/\/wittmunder-teehus.de\/wp-shop\/wp-json\/wp\/v2\/product_cat?post=8584"},{"taxonomy":"product_tag","embeddable":true,"href":"https:\/\/wittmunder-teehus.de\/wp-shop\/wp-json\/wp\/v2\/product_tag?post=8584"}],"curies":[{"name":"wp","href":"https:\/\/api.w.org\/{rel}","templated":true}]}}