{"id":8511,"date":"2023-10-31T20:02:29","date_gmt":"2023-10-31T19:02:29","guid":{"rendered":"https:\/\/wittmunder-teehus.de\/wp-shop\/?post_type=product&#038;p=8511"},"modified":"2026-03-11T12:53:13","modified_gmt":"2026-03-11T11:53:13","slug":"wald-honig","status":"publish","type":"product","link":"https:\/\/wittmunder-teehus.de\/wp-shop\/produkt\/wald-honig\/","title":{"rendered":"Wald Honig"},"content":{"rendered":"<p>Wald Honig 50g Glas<br \/>\nZutaten: Honig<\/p>\n<table id=\"product-attribute-specs-table\" class=\"data table additional-attributes\">\n<tbody>\n<tr class=\"approximate_value\">\n<th class=\"col label\" scope=\"row\">N\u00e4hrwerte<\/th>\n<td class=\"col data\" data-th=\"N\u00e4hrwerte\">pro 100 g<\/td>\n<\/tr>\n<tr class=\"nutritional_energy\">\n<th class=\"col label\" scope=\"row\">Energie<\/th>\n<td class=\"col data\" data-th=\"Energie\">1.283 kJ\/ 302 kcal<\/td>\n<\/tr>\n<tr class=\"nutritional_fat\">\n<th class=\"col label\" scope=\"row\">Fett<\/th>\n<td class=\"col data\" data-th=\"Fett\">0 g<\/td>\n<\/tr>\n<tr class=\"nutritional_saturatedfat\">\n<th class=\"col label\" scope=\"row\">davon ges\u00e4ttigte Fetts\u00e4uren<\/th>\n<td class=\"col data\" data-th=\"davon ges\u00e4ttigte Fetts\u00e4uren\">0 g<\/td>\n<\/tr>\n<tr class=\"nutritional_carbohydrates\">\n<th class=\"col label\" scope=\"row\">Kohlenhydrate<\/th>\n<td class=\"col data\" data-th=\"Kohlenhydrate\">75 g<\/td>\n<\/tr>\n<tr class=\"nutritional_sugar\">\n<th class=\"col label\" scope=\"row\">davon Zucker<\/th>\n<td class=\"col data\" data-th=\"davon Zucker\">75 g<\/td>\n<\/tr>\n<tr class=\"nutritional_protein\">\n<th class=\"col label\" scope=\"row\">Eiwei\u00df<\/th>\n<td class=\"col data\" data-th=\"Eiwei\u00df\">0 g<\/td>\n<\/tr>\n<tr class=\"nutritional_salt\">\n<th class=\"col label\" scope=\"row\">Salz<\/th>\n<td class=\"col data\" data-th=\"Salz\">0 g<\/td>\n<\/tr>\n<\/tbody>\n<\/table>\n","protected":false},"excerpt":{"rendered":"<p>Wald Honig 50g Glas Zutaten: Honig N\u00e4hrwerte pro 100 g Energie 1.283 kJ\/ 302 kcal Fett 0 g davon ges\u00e4ttigte Fetts\u00e4uren 0 g Kohlenhydrate 75 g davon Zucker 75 g Eiwei\u00df 0 g Salz 0 g<\/p>\n","protected":false},"featured_media":8512,"comment_status":"closed","ping_status":"closed","template":"","meta":[],"product_brand":[],"product_cat":[25],"product_tag":[],"class_list":{"0":"post-8511","1":"product","2":"type-product","3":"status-publish","4":"has-post-thumbnail","6":"product_cat-zuckerhonigsirup","8":"first","9":"instock","10":"taxable","11":"shipping-taxable","12":"purchasable","13":"product-type-simple"},"_links":{"self":[{"href":"https:\/\/wittmunder-teehus.de\/wp-shop\/wp-json\/wp\/v2\/product\/8511","targetHints":{"allow":["GET"]}}],"collection":[{"href":"https:\/\/wittmunder-teehus.de\/wp-shop\/wp-json\/wp\/v2\/product"}],"about":[{"href":"https:\/\/wittmunder-teehus.de\/wp-shop\/wp-json\/wp\/v2\/types\/product"}],"replies":[{"embeddable":true,"href":"https:\/\/wittmunder-teehus.de\/wp-shop\/wp-json\/wp\/v2\/comments?post=8511"}],"wp:featuredmedia":[{"embeddable":true,"href":"https:\/\/wittmunder-teehus.de\/wp-shop\/wp-json\/wp\/v2\/media\/8512"}],"wp:attachment":[{"href":"https:\/\/wittmunder-teehus.de\/wp-shop\/wp-json\/wp\/v2\/media?parent=8511"}],"wp:term":[{"taxonomy":"product_brand","embeddable":true,"href":"https:\/\/wittmunder-teehus.de\/wp-shop\/wp-json\/wp\/v2\/product_brand?post=8511"},{"taxonomy":"product_cat","embeddable":true,"href":"https:\/\/wittmunder-teehus.de\/wp-shop\/wp-json\/wp\/v2\/product_cat?post=8511"},{"taxonomy":"product_tag","embeddable":true,"href":"https:\/\/wittmunder-teehus.de\/wp-shop\/wp-json\/wp\/v2\/product_tag?post=8511"}],"curies":[{"name":"wp","href":"https:\/\/api.w.org\/{rel}","templated":true}]}}