{"id":8442,"date":"2023-09-20T18:26:40","date_gmt":"2023-09-20T16:26:40","guid":{"rendered":"https:\/\/wittmunder-teehus.de\/wp-shop\/?post_type=product&#038;p=8442"},"modified":"2026-03-11T12:53:14","modified_gmt":"2026-03-11T11:53:14","slug":"rooibos-tee-quitte-sahne","status":"publish","type":"product","link":"https:\/\/wittmunder-teehus.de\/wp-shop\/produkt\/rooibos-tee-quitte-sahne\/","title":{"rendered":"Rooibos Tee Quitte-Sahne"},"content":{"rendered":"<p>Rooibos Tee Quitte-Sahne<br \/>\nZutaten: Rotbusch Tee 92%, wei\u00dfe Schokolade 4% (Zucker, Kakaobutter, <strong>Vollmilchpulver<\/strong>, Emulgator:Sonnenblumen Lecithin E322), Sonnenblumenbl\u00fcten, Aroma.<br \/>\n<em>(kann Spuren von Schalenfr\u00fcchte+Soja enthalten)<\/em><\/p>\n","protected":false},"excerpt":{"rendered":"<p>Rooibos Tee Quitte-Sahne Zutaten: Rotbusch Tee 92%, wei\u00dfe Schokolade 4% (Zucker, Kakaobutter, Vollmilchpulver, Emulgator:Sonnenblumen Lecithin E322), Sonnenblumenbl\u00fcten, Aroma. (kann Spuren von Schalenfr\u00fcchte+Soja enthalten)<\/p>\n","protected":false},"featured_media":8448,"comment_status":"closed","ping_status":"closed","template":"","meta":[],"product_brand":[],"product_cat":[52],"product_tag":[],"class_list":{"0":"post-8442","1":"product","2":"type-product","3":"status-publish","4":"has-post-thumbnail","6":"product_cat-rooibos-tee","8":"first","9":"instock","10":"taxable","11":"shipping-taxable","12":"purchasable","13":"product-type-variable"},"_links":{"self":[{"href":"https:\/\/wittmunder-teehus.de\/wp-shop\/wp-json\/wp\/v2\/product\/8442","targetHints":{"allow":["GET"]}}],"collection":[{"href":"https:\/\/wittmunder-teehus.de\/wp-shop\/wp-json\/wp\/v2\/product"}],"about":[{"href":"https:\/\/wittmunder-teehus.de\/wp-shop\/wp-json\/wp\/v2\/types\/product"}],"replies":[{"embeddable":true,"href":"https:\/\/wittmunder-teehus.de\/wp-shop\/wp-json\/wp\/v2\/comments?post=8442"}],"wp:featuredmedia":[{"embeddable":true,"href":"https:\/\/wittmunder-teehus.de\/wp-shop\/wp-json\/wp\/v2\/media\/8448"}],"wp:attachment":[{"href":"https:\/\/wittmunder-teehus.de\/wp-shop\/wp-json\/wp\/v2\/media?parent=8442"}],"wp:term":[{"taxonomy":"product_brand","embeddable":true,"href":"https:\/\/wittmunder-teehus.de\/wp-shop\/wp-json\/wp\/v2\/product_brand?post=8442"},{"taxonomy":"product_cat","embeddable":true,"href":"https:\/\/wittmunder-teehus.de\/wp-shop\/wp-json\/wp\/v2\/product_cat?post=8442"},{"taxonomy":"product_tag","embeddable":true,"href":"https:\/\/wittmunder-teehus.de\/wp-shop\/wp-json\/wp\/v2\/product_tag?post=8442"}],"curies":[{"name":"wp","href":"https:\/\/api.w.org\/{rel}","templated":true}]}}