{"id":8415,"date":"2023-09-14T16:29:49","date_gmt":"2023-09-14T14:29:49","guid":{"rendered":"https:\/\/wittmunder-teehus.de\/wp-shop\/?post_type=product&#038;p=8415"},"modified":"2026-03-11T12:53:14","modified_gmt":"2026-03-11T11:53:14","slug":"fruechtetee-lust-auf-meer","status":"publish","type":"product","link":"https:\/\/wittmunder-teehus.de\/wp-shop\/produkt\/fruechtetee-lust-auf-meer\/","title":{"rendered":"Fr\u00fcchtetee Lust auf Meer"},"content":{"rendered":"<p>Fr\u00fcchtetee Lust auf Meer<br \/>\nmit Himbeer-Rhabarber-Hibiscus-Note.<br \/>\nZutaten: Apfelst\u00fccke, Hagebuttenschalen, Hibiscusbl\u00fcten, Aroma, ganze Himbeeren, Rhabarberst\u00fccke, Kornblumenbl\u00fcten blau.<\/p>\n","protected":false},"excerpt":{"rendered":"<p>Fr\u00fcchtetee Lust auf Meer mit Himbeer-Rhabarber-Hibiscus-Note. Zutaten: Apfelst\u00fccke, Hagebuttenschalen, Hibiscusbl\u00fcten, Aroma, ganze Himbeeren, Rhabarberst\u00fccke, Kornblumenbl\u00fcten blau.<\/p>\n","protected":false},"featured_media":8452,"comment_status":"closed","ping_status":"closed","template":"","meta":[],"product_brand":[],"product_cat":[50],"product_tag":[],"class_list":{"0":"post-8415","1":"product","2":"type-product","3":"status-publish","4":"has-post-thumbnail","6":"product_cat-fruechtetee","8":"first","9":"instock","10":"taxable","11":"shipping-taxable","12":"purchasable","13":"product-type-variable"},"_links":{"self":[{"href":"https:\/\/wittmunder-teehus.de\/wp-shop\/wp-json\/wp\/v2\/product\/8415","targetHints":{"allow":["GET"]}}],"collection":[{"href":"https:\/\/wittmunder-teehus.de\/wp-shop\/wp-json\/wp\/v2\/product"}],"about":[{"href":"https:\/\/wittmunder-teehus.de\/wp-shop\/wp-json\/wp\/v2\/types\/product"}],"replies":[{"embeddable":true,"href":"https:\/\/wittmunder-teehus.de\/wp-shop\/wp-json\/wp\/v2\/comments?post=8415"}],"wp:featuredmedia":[{"embeddable":true,"href":"https:\/\/wittmunder-teehus.de\/wp-shop\/wp-json\/wp\/v2\/media\/8452"}],"wp:attachment":[{"href":"https:\/\/wittmunder-teehus.de\/wp-shop\/wp-json\/wp\/v2\/media?parent=8415"}],"wp:term":[{"taxonomy":"product_brand","embeddable":true,"href":"https:\/\/wittmunder-teehus.de\/wp-shop\/wp-json\/wp\/v2\/product_brand?post=8415"},{"taxonomy":"product_cat","embeddable":true,"href":"https:\/\/wittmunder-teehus.de\/wp-shop\/wp-json\/wp\/v2\/product_cat?post=8415"},{"taxonomy":"product_tag","embeddable":true,"href":"https:\/\/wittmunder-teehus.de\/wp-shop\/wp-json\/wp\/v2\/product_tag?post=8415"}],"curies":[{"name":"wp","href":"https:\/\/api.w.org\/{rel}","templated":true}]}}