{"id":8350,"date":"2023-08-20T18:12:03","date_gmt":"2023-08-20T16:12:03","guid":{"rendered":"https:\/\/wittmunder-teehus.de\/wp-shop\/?post_type=product&#038;p=8350"},"modified":"2026-03-11T12:53:15","modified_gmt":"2026-03-11T11:53:15","slug":"kraeutertee-kopffrei","status":"publish","type":"product","link":"https:\/\/wittmunder-teehus.de\/wp-shop\/produkt\/kraeutertee-kopffrei\/","title":{"rendered":"Kr\u00e4utertee Kopffrei"},"content":{"rendered":"<p>Zutaten: Griechische Bergkr\u00e4uter, Lemongras, Fenchel, Orangenschalen, Eukalyptusbl\u00e4tter, Zitronenschalen, Nanaminze, Moringabl\u00e4tter, Gojibeeren, Sanddornbeeren,<br \/>\nSonnenblumenbl\u00fcten.<\/p>\n","protected":false},"excerpt":{"rendered":"<p>Zutaten: Griechische Bergkr\u00e4uter, Lemongras, Fenchel, Orangenschalen, Eukalyptusbl\u00e4tter, Zitronenschalen, Nanaminze, Moringabl\u00e4tter, Gojibeeren, Sanddornbeeren, Sonnenblumenbl\u00fcten.<\/p>\n","protected":false},"featured_media":8391,"comment_status":"closed","ping_status":"closed","template":"","meta":[],"product_brand":[],"product_cat":[17],"product_tag":[],"class_list":{"0":"post-8350","1":"product","2":"type-product","3":"status-publish","4":"has-post-thumbnail","6":"product_cat-teeliste","8":"first","9":"instock","10":"taxable","11":"shipping-taxable","12":"purchasable","13":"product-type-variable"},"_links":{"self":[{"href":"https:\/\/wittmunder-teehus.de\/wp-shop\/wp-json\/wp\/v2\/product\/8350","targetHints":{"allow":["GET"]}}],"collection":[{"href":"https:\/\/wittmunder-teehus.de\/wp-shop\/wp-json\/wp\/v2\/product"}],"about":[{"href":"https:\/\/wittmunder-teehus.de\/wp-shop\/wp-json\/wp\/v2\/types\/product"}],"replies":[{"embeddable":true,"href":"https:\/\/wittmunder-teehus.de\/wp-shop\/wp-json\/wp\/v2\/comments?post=8350"}],"wp:featuredmedia":[{"embeddable":true,"href":"https:\/\/wittmunder-teehus.de\/wp-shop\/wp-json\/wp\/v2\/media\/8391"}],"wp:attachment":[{"href":"https:\/\/wittmunder-teehus.de\/wp-shop\/wp-json\/wp\/v2\/media?parent=8350"}],"wp:term":[{"taxonomy":"product_brand","embeddable":true,"href":"https:\/\/wittmunder-teehus.de\/wp-shop\/wp-json\/wp\/v2\/product_brand?post=8350"},{"taxonomy":"product_cat","embeddable":true,"href":"https:\/\/wittmunder-teehus.de\/wp-shop\/wp-json\/wp\/v2\/product_cat?post=8350"},{"taxonomy":"product_tag","embeddable":true,"href":"https:\/\/wittmunder-teehus.de\/wp-shop\/wp-json\/wp\/v2\/product_tag?post=8350"}],"curies":[{"name":"wp","href":"https:\/\/api.w.org\/{rel}","templated":true}]}}