{"id":8323,"date":"2023-08-09T19:36:25","date_gmt":"2023-08-09T17:36:25","guid":{"rendered":"https:\/\/wittmunder-teehus.de\/wp-shop\/?post_type=product&#038;p=8323"},"modified":"2026-03-11T12:53:16","modified_gmt":"2026-03-11T11:53:16","slug":"honeybusch-feenduft","status":"publish","type":"product","link":"https:\/\/wittmunder-teehus.de\/wp-shop\/produkt\/honeybusch-feenduft\/","title":{"rendered":"Honeybusch Feenduft"},"content":{"rendered":"<p>Honeybusch Feenduft mit Erdbeer-Kiwi-Geschmack.<br \/>\nZutaten:Gr\u00fcner Honeybusch, Apfelst\u00fccke,<br \/>\nAroma, Mistelkraut, Orangen,- Rosen,- und Holunderbl\u00fcten, Erdbeerst\u00fccke, Kiwist\u00fccke.<\/p>\n","protected":false},"excerpt":{"rendered":"<p>Honeybusch Feenduft mit Erdbeer-Kiwi-Geschmack. Zutaten:Gr\u00fcner Honeybusch, Apfelst\u00fccke, Aroma, Mistelkraut, Orangen,- Rosen,- und Holunderbl\u00fcten, Erdbeerst\u00fccke, Kiwist\u00fccke.<\/p>\n","protected":false},"featured_media":8383,"comment_status":"closed","ping_status":"closed","template":"","meta":[],"product_brand":[],"product_cat":[52],"product_tag":[],"class_list":{"0":"post-8323","1":"product","2":"type-product","3":"status-publish","4":"has-post-thumbnail","6":"product_cat-rooibos-tee","8":"first","9":"instock","10":"taxable","11":"shipping-taxable","12":"purchasable","13":"product-type-variable"},"_links":{"self":[{"href":"https:\/\/wittmunder-teehus.de\/wp-shop\/wp-json\/wp\/v2\/product\/8323","targetHints":{"allow":["GET"]}}],"collection":[{"href":"https:\/\/wittmunder-teehus.de\/wp-shop\/wp-json\/wp\/v2\/product"}],"about":[{"href":"https:\/\/wittmunder-teehus.de\/wp-shop\/wp-json\/wp\/v2\/types\/product"}],"replies":[{"embeddable":true,"href":"https:\/\/wittmunder-teehus.de\/wp-shop\/wp-json\/wp\/v2\/comments?post=8323"}],"wp:featuredmedia":[{"embeddable":true,"href":"https:\/\/wittmunder-teehus.de\/wp-shop\/wp-json\/wp\/v2\/media\/8383"}],"wp:attachment":[{"href":"https:\/\/wittmunder-teehus.de\/wp-shop\/wp-json\/wp\/v2\/media?parent=8323"}],"wp:term":[{"taxonomy":"product_brand","embeddable":true,"href":"https:\/\/wittmunder-teehus.de\/wp-shop\/wp-json\/wp\/v2\/product_brand?post=8323"},{"taxonomy":"product_cat","embeddable":true,"href":"https:\/\/wittmunder-teehus.de\/wp-shop\/wp-json\/wp\/v2\/product_cat?post=8323"},{"taxonomy":"product_tag","embeddable":true,"href":"https:\/\/wittmunder-teehus.de\/wp-shop\/wp-json\/wp\/v2\/product_tag?post=8323"}],"curies":[{"name":"wp","href":"https:\/\/api.w.org\/{rel}","templated":true}]}}