{"id":8298,"date":"2023-08-02T15:36:06","date_gmt":"2023-08-02T13:36:06","guid":{"rendered":"https:\/\/wittmunder-teehus.de\/wp-shop\/?post_type=product&#038;p=8298"},"modified":"2026-03-11T12:53:16","modified_gmt":"2026-03-11T11:53:16","slug":"suesser-heringsfang-bonbons","status":"publish","type":"product","link":"https:\/\/wittmunder-teehus.de\/wp-shop\/produkt\/suesser-heringsfang-bonbons\/","title":{"rendered":"S\u00fc\u00dfer Heringsfang -Bonbons"},"content":{"rendered":"<p>S\u00fc\u00dfer Heringsfang -Bonbons, 120g T\u00fcte<br \/>\nZutaten: Zucker, Glukosesirup, S\u00e4uerungsmittel Zitronens\u00e4ure,<br \/>\nPfefferminz\u00f6l, Zitronen\u00f6l, Menthol, 5% Sanddornsaft aus Saftkonzentrat,<br \/>\nAroma, nat\u00fcrliches Curcuma Aroma, Rote Beete Saftkonzentrat,<br \/>\nnat\u00fcrliches Paprika Aroma, Farbstoff E132,<\/p>\n<p>Durchschnitt je 100g:<br \/>\nEnergie 1625kJ(383kcal), Fett 0g(davon ges\u00e4ttigte Fetts\u00e4uren 0g,<br \/>\nKohlenhydrate 95,5g(davon Zucker 68,5g), Eiwei\u00df 0g, Salz 0g<\/p>\n","protected":false},"excerpt":{"rendered":"<p>S\u00fc\u00dfer Heringsfang -Bonbons, 120g T\u00fcte Zutaten: Zucker, Glukosesirup, S\u00e4uerungsmittel Zitronens\u00e4ure, Pfefferminz\u00f6l, Zitronen\u00f6l, Menthol, 5% Sanddornsaft aus Saftkonzentrat, Aroma, nat\u00fcrliches Curcuma Aroma, Rote Beete Saftkonzentrat, nat\u00fcrliches Paprika Aroma, Farbstoff E132, Durchschnitt je 100g: Energie 1625kJ(383kcal), Fett 0g(davon ges\u00e4ttigte Fetts\u00e4uren 0g, Kohlenhydrate 95,5g(davon Zucker 68,5g), Eiwei\u00df 0g, Salz 0g<\/p>\n","protected":false},"featured_media":8299,"comment_status":"closed","ping_status":"closed","template":"","meta":[],"product_brand":[],"product_cat":[76],"product_tag":[],"class_list":{"0":"post-8298","1":"product","2":"type-product","3":"status-publish","4":"has-post-thumbnail","6":"product_cat-bonbons-kekse-schokolade","8":"first","9":"instock","10":"taxable","11":"shipping-taxable","12":"purchasable","13":"product-type-simple"},"_links":{"self":[{"href":"https:\/\/wittmunder-teehus.de\/wp-shop\/wp-json\/wp\/v2\/product\/8298","targetHints":{"allow":["GET"]}}],"collection":[{"href":"https:\/\/wittmunder-teehus.de\/wp-shop\/wp-json\/wp\/v2\/product"}],"about":[{"href":"https:\/\/wittmunder-teehus.de\/wp-shop\/wp-json\/wp\/v2\/types\/product"}],"replies":[{"embeddable":true,"href":"https:\/\/wittmunder-teehus.de\/wp-shop\/wp-json\/wp\/v2\/comments?post=8298"}],"wp:featuredmedia":[{"embeddable":true,"href":"https:\/\/wittmunder-teehus.de\/wp-shop\/wp-json\/wp\/v2\/media\/8299"}],"wp:attachment":[{"href":"https:\/\/wittmunder-teehus.de\/wp-shop\/wp-json\/wp\/v2\/media?parent=8298"}],"wp:term":[{"taxonomy":"product_brand","embeddable":true,"href":"https:\/\/wittmunder-teehus.de\/wp-shop\/wp-json\/wp\/v2\/product_brand?post=8298"},{"taxonomy":"product_cat","embeddable":true,"href":"https:\/\/wittmunder-teehus.de\/wp-shop\/wp-json\/wp\/v2\/product_cat?post=8298"},{"taxonomy":"product_tag","embeddable":true,"href":"https:\/\/wittmunder-teehus.de\/wp-shop\/wp-json\/wp\/v2\/product_tag?post=8298"}],"curies":[{"name":"wp","href":"https:\/\/api.w.org\/{rel}","templated":true}]}}