{"id":822,"date":"2015-12-04T19:54:38","date_gmt":"2015-12-04T18:54:38","guid":{"rendered":"http:\/\/wittmunder-teehus.de.w0135315.kasserver.com\/wp-shop\/?post_type=product&#038;p=822"},"modified":"2026-03-11T12:58:27","modified_gmt":"2026-03-11T11:58:27","slug":"kamillenblueten","status":"publish","type":"product","link":"https:\/\/wittmunder-teehus.de\/wp-shop\/produkt\/kamillenblueten\/","title":{"rendered":"Kamillenbl\u00fcten"},"content":{"rendered":"<p>Anwendungsbeispiele: Allergien, Bl\u00e4hungen, Ekzeme, Erk\u00e4ltung, Fieber,<br \/>\nGicht, Husten, Rheuma, Schlaflosigkeit, Mundgeruch &#8230;<\/p>\n","protected":false},"excerpt":{"rendered":"<p>Anwendungsbeispiele: Allergien, Bl\u00e4hungen, Ekzeme, Erk\u00e4ltung, Fieber, Gicht, Husten, Rheuma, Schlaflosigkeit, Mundgeruch &#8230;<\/p>\n","protected":false},"featured_media":827,"comment_status":"closed","ping_status":"closed","template":"","meta":[],"product_brand":[],"product_cat":[54],"product_tag":[],"class_list":{"0":"post-822","1":"product","2":"type-product","3":"status-publish","4":"has-post-thumbnail","6":"product_cat-heil-und-wildkraeuter","8":"first","9":"instock","10":"taxable","11":"shipping-taxable","12":"purchasable","13":"product-type-variable"},"_links":{"self":[{"href":"https:\/\/wittmunder-teehus.de\/wp-shop\/wp-json\/wp\/v2\/product\/822","targetHints":{"allow":["GET"]}}],"collection":[{"href":"https:\/\/wittmunder-teehus.de\/wp-shop\/wp-json\/wp\/v2\/product"}],"about":[{"href":"https:\/\/wittmunder-teehus.de\/wp-shop\/wp-json\/wp\/v2\/types\/product"}],"replies":[{"embeddable":true,"href":"https:\/\/wittmunder-teehus.de\/wp-shop\/wp-json\/wp\/v2\/comments?post=822"}],"wp:featuredmedia":[{"embeddable":true,"href":"https:\/\/wittmunder-teehus.de\/wp-shop\/wp-json\/wp\/v2\/media\/827"}],"wp:attachment":[{"href":"https:\/\/wittmunder-teehus.de\/wp-shop\/wp-json\/wp\/v2\/media?parent=822"}],"wp:term":[{"taxonomy":"product_brand","embeddable":true,"href":"https:\/\/wittmunder-teehus.de\/wp-shop\/wp-json\/wp\/v2\/product_brand?post=822"},{"taxonomy":"product_cat","embeddable":true,"href":"https:\/\/wittmunder-teehus.de\/wp-shop\/wp-json\/wp\/v2\/product_cat?post=822"},{"taxonomy":"product_tag","embeddable":true,"href":"https:\/\/wittmunder-teehus.de\/wp-shop\/wp-json\/wp\/v2\/product_tag?post=822"}],"curies":[{"name":"wp","href":"https:\/\/api.w.org\/{rel}","templated":true}]}}