{"id":8141,"date":"2023-03-29T18:01:42","date_gmt":"2023-03-29T16:01:42","guid":{"rendered":"https:\/\/wittmunder-teehus.de\/wp-shop\/?post_type=product&#038;p=8141"},"modified":"2026-04-10T19:52:49","modified_gmt":"2026-04-10T17:52:49","slug":"der-becher-perlhyazinthen","status":"publish","type":"product","link":"https:\/\/wittmunder-teehus.de\/wp-shop\/produkt\/der-becher-perlhyazinthen\/","title":{"rendered":"Der Becher Perlhyazinthen"},"content":{"rendered":"<p>Becher Perlhyazinthen<br \/>\nMaterial: Porzellan<br \/>\nFarbe: weiss<br \/>\nMotiv: Perlhyazinthen<br \/>\nFassungsverm\u00f6gen in ml: ca. 340 normale Einf\u00fcllmenge (Herstellerangabe 400ml)<br \/>\nH\u00f6he in mm: ca. 110<br \/>\nDurchmesser in mm: ca. (\u00d6ffnung oben von Rand zu Rand) 98 diagonal gemessen<br \/>\nProduktart \/ Verwendung: Porzellan, Becher, Tee, Kaffee etc.<\/p>\n","protected":false},"excerpt":{"rendered":"<p>Becher Perlhyazinthen Material: Porzellan Farbe: weiss Motiv: Perlhyazinthen Fassungsverm\u00f6gen in ml: ca. 340 normale Einf\u00fcllmenge (Herstellerangabe 400ml) H\u00f6he in mm: ca. 110 Durchmesser in mm: ca. (\u00d6ffnung oben von Rand zu Rand) 98 diagonal gemessen Produktart \/ Verwendung: Porzellan, Becher, Tee, Kaffee etc.<\/p>\n","protected":false},"featured_media":8152,"comment_status":"closed","ping_status":"closed","template":"","meta":[],"product_brand":[],"product_cat":[33,32,139],"product_tag":[],"class_list":{"0":"post-8141","1":"product","2":"type-product","3":"status-publish","4":"has-post-thumbnail","6":"product_cat-becher-und-tassen","7":"product_cat-porzellan","8":"product_cat-weihnachten","10":"first","11":"instock","12":"taxable","13":"shipping-taxable","14":"purchasable","15":"product-type-simple"},"_links":{"self":[{"href":"https:\/\/wittmunder-teehus.de\/wp-shop\/wp-json\/wp\/v2\/product\/8141","targetHints":{"allow":["GET"]}}],"collection":[{"href":"https:\/\/wittmunder-teehus.de\/wp-shop\/wp-json\/wp\/v2\/product"}],"about":[{"href":"https:\/\/wittmunder-teehus.de\/wp-shop\/wp-json\/wp\/v2\/types\/product"}],"replies":[{"embeddable":true,"href":"https:\/\/wittmunder-teehus.de\/wp-shop\/wp-json\/wp\/v2\/comments?post=8141"}],"wp:featuredmedia":[{"embeddable":true,"href":"https:\/\/wittmunder-teehus.de\/wp-shop\/wp-json\/wp\/v2\/media\/8152"}],"wp:attachment":[{"href":"https:\/\/wittmunder-teehus.de\/wp-shop\/wp-json\/wp\/v2\/media?parent=8141"}],"wp:term":[{"taxonomy":"product_brand","embeddable":true,"href":"https:\/\/wittmunder-teehus.de\/wp-shop\/wp-json\/wp\/v2\/product_brand?post=8141"},{"taxonomy":"product_cat","embeddable":true,"href":"https:\/\/wittmunder-teehus.de\/wp-shop\/wp-json\/wp\/v2\/product_cat?post=8141"},{"taxonomy":"product_tag","embeddable":true,"href":"https:\/\/wittmunder-teehus.de\/wp-shop\/wp-json\/wp\/v2\/product_tag?post=8141"}],"curies":[{"name":"wp","href":"https:\/\/api.w.org\/{rel}","templated":true}]}}