{"id":8108,"date":"2023-03-12T19:22:08","date_gmt":"2023-03-12T18:22:08","guid":{"rendered":"https:\/\/wittmunder-teehus.de\/wp-shop\/?post_type=product&#038;p=8108"},"modified":"2026-03-11T12:53:18","modified_gmt":"2026-03-11T11:53:18","slug":"himbeer-vanille-bonbon","status":"publish","type":"product","link":"https:\/\/wittmunder-teehus.de\/wp-shop\/produkt\/himbeer-vanille-bonbon\/","title":{"rendered":"Himbeer Vanille Bonbon"},"content":{"rendered":"<p>Himbeerbonbons mit Vanillegeschmack, 120g T\u00fcte<br \/>\nZutaten: Zucker, Glukosesirup, S\u00e4uerungsmittel Zitronens\u00e4ure, nat\u00fcrliches Himbeeraroma, Vanillin,<br \/>\nFarbstoff: Rote Beete Saftkonzentrat, nat\u00fcrliches Curcuma-Aroma.<\/p>\n<p>Im Durchschnitt je 100g:<br \/>\nEnergie 1625kJ(383kcal), Fett 0g(davon ges\u00e4ttigte Fetts\u00e4uren 0g,<br \/>\nKohlenhydrate 96g(davon Zucker 69g), Eiwei\u00df 0g, Salz 0g<\/p>\n","protected":false},"excerpt":{"rendered":"<p>Himbeerbonbons mit Vanillegeschmack, 120g T\u00fcte Zutaten: Zucker, Glukosesirup, S\u00e4uerungsmittel Zitronens\u00e4ure, nat\u00fcrliches Himbeeraroma, Vanillin, Farbstoff: Rote Beete Saftkonzentrat, nat\u00fcrliches Curcuma-Aroma. Im Durchschnitt je 100g: Energie 1625kJ(383kcal), Fett 0g(davon ges\u00e4ttigte Fetts\u00e4uren 0g, Kohlenhydrate 96g(davon Zucker 69g), Eiwei\u00df 0g, Salz 0g<\/p>\n","protected":false},"featured_media":8100,"comment_status":"closed","ping_status":"closed","template":"","meta":[],"product_brand":[],"product_cat":[76],"product_tag":[],"class_list":{"0":"post-8108","1":"product","2":"type-product","3":"status-publish","4":"has-post-thumbnail","6":"product_cat-bonbons-kekse-schokolade","8":"first","9":"instock","10":"taxable","11":"shipping-taxable","12":"purchasable","13":"product-type-simple"},"_links":{"self":[{"href":"https:\/\/wittmunder-teehus.de\/wp-shop\/wp-json\/wp\/v2\/product\/8108","targetHints":{"allow":["GET"]}}],"collection":[{"href":"https:\/\/wittmunder-teehus.de\/wp-shop\/wp-json\/wp\/v2\/product"}],"about":[{"href":"https:\/\/wittmunder-teehus.de\/wp-shop\/wp-json\/wp\/v2\/types\/product"}],"replies":[{"embeddable":true,"href":"https:\/\/wittmunder-teehus.de\/wp-shop\/wp-json\/wp\/v2\/comments?post=8108"}],"wp:featuredmedia":[{"embeddable":true,"href":"https:\/\/wittmunder-teehus.de\/wp-shop\/wp-json\/wp\/v2\/media\/8100"}],"wp:attachment":[{"href":"https:\/\/wittmunder-teehus.de\/wp-shop\/wp-json\/wp\/v2\/media?parent=8108"}],"wp:term":[{"taxonomy":"product_brand","embeddable":true,"href":"https:\/\/wittmunder-teehus.de\/wp-shop\/wp-json\/wp\/v2\/product_brand?post=8108"},{"taxonomy":"product_cat","embeddable":true,"href":"https:\/\/wittmunder-teehus.de\/wp-shop\/wp-json\/wp\/v2\/product_cat?post=8108"},{"taxonomy":"product_tag","embeddable":true,"href":"https:\/\/wittmunder-teehus.de\/wp-shop\/wp-json\/wp\/v2\/product_tag?post=8108"}],"curies":[{"name":"wp","href":"https:\/\/api.w.org\/{rel}","templated":true}]}}