{"id":8107,"date":"2023-03-12T19:10:25","date_gmt":"2023-03-12T18:10:25","guid":{"rendered":"https:\/\/wittmunder-teehus.de\/wp-shop\/?post_type=product&#038;p=8107"},"modified":"2026-03-11T12:53:18","modified_gmt":"2026-03-11T11:53:18","slug":"hustenmischung-bonbon","status":"publish","type":"product","link":"https:\/\/wittmunder-teehus.de\/wp-shop\/produkt\/hustenmischung-bonbon\/","title":{"rendered":"Hustenmischung Bonbon"},"content":{"rendered":"<p>Hustenmischung Bonbon, 150g T\u00fcte<br \/>\nZutaten: Zucker, Glukosesirup, Honig, Ammoniumchlorid, S\u00fc\u00dfholzwurzelextrakt, Sternanis\u00f6l, Salbei\u00f6l, Fenchel\u00f6l, Eukalyptus\u00f6l, Menthol, Farbstoffe: Pflanzenkohle, Paprikaextrakt,<br \/>\nKupferhaltige Komplexe, E132, Karamellzuckersirup, Rote Beetesaftkonzentrat,<br \/>\nf\u00e4rbendes Lebensmittel:Carthamus Extrakt.<br \/>\nIm Durchschnitt je 100g:<br \/>\nEnergie 1528kJ(368kcal), Fett 0,0g(davon ges\u00e4ttigte Fetts\u00e4uren 0,0g,<br \/>\nKohlenhydrate 89,7g(davon Zucker 89,3g), Eiwei\u00df 0,1g, Ballaststoffe 0,0g, Salz 0g<\/p>\n","protected":false},"excerpt":{"rendered":"<p>Hustenmischung Bonbon, 150g T\u00fcte Zutaten: Zucker, Glukosesirup, Honig, Ammoniumchlorid, S\u00fc\u00dfholzwurzelextrakt, Sternanis\u00f6l, Salbei\u00f6l, Fenchel\u00f6l, Eukalyptus\u00f6l, Menthol, Farbstoffe: Pflanzenkohle, Paprikaextrakt, Kupferhaltige Komplexe, E132, Karamellzuckersirup, Rote Beetesaftkonzentrat, f\u00e4rbendes Lebensmittel:Carthamus Extrakt. Im Durchschnitt je 100g: Energie 1528kJ(368kcal), Fett 0,0g(davon ges\u00e4ttigte Fetts\u00e4uren 0,0g, Kohlenhydrate 89,7g(davon Zucker 89,3g), Eiwei\u00df 0,1g, Ballaststoffe 0,0g, Salz 0g<\/p>\n","protected":false},"featured_media":8101,"comment_status":"closed","ping_status":"closed","template":"","meta":[],"product_brand":[],"product_cat":[76],"product_tag":[],"class_list":{"0":"post-8107","1":"product","2":"type-product","3":"status-publish","4":"has-post-thumbnail","6":"product_cat-bonbons-kekse-schokolade","8":"first","9":"instock","10":"taxable","11":"shipping-taxable","12":"purchasable","13":"product-type-simple"},"_links":{"self":[{"href":"https:\/\/wittmunder-teehus.de\/wp-shop\/wp-json\/wp\/v2\/product\/8107","targetHints":{"allow":["GET"]}}],"collection":[{"href":"https:\/\/wittmunder-teehus.de\/wp-shop\/wp-json\/wp\/v2\/product"}],"about":[{"href":"https:\/\/wittmunder-teehus.de\/wp-shop\/wp-json\/wp\/v2\/types\/product"}],"replies":[{"embeddable":true,"href":"https:\/\/wittmunder-teehus.de\/wp-shop\/wp-json\/wp\/v2\/comments?post=8107"}],"wp:featuredmedia":[{"embeddable":true,"href":"https:\/\/wittmunder-teehus.de\/wp-shop\/wp-json\/wp\/v2\/media\/8101"}],"wp:attachment":[{"href":"https:\/\/wittmunder-teehus.de\/wp-shop\/wp-json\/wp\/v2\/media?parent=8107"}],"wp:term":[{"taxonomy":"product_brand","embeddable":true,"href":"https:\/\/wittmunder-teehus.de\/wp-shop\/wp-json\/wp\/v2\/product_brand?post=8107"},{"taxonomy":"product_cat","embeddable":true,"href":"https:\/\/wittmunder-teehus.de\/wp-shop\/wp-json\/wp\/v2\/product_cat?post=8107"},{"taxonomy":"product_tag","embeddable":true,"href":"https:\/\/wittmunder-teehus.de\/wp-shop\/wp-json\/wp\/v2\/product_tag?post=8107"}],"curies":[{"name":"wp","href":"https:\/\/api.w.org\/{rel}","templated":true}]}}