{"id":810,"date":"2015-12-04T19:36:53","date_gmt":"2015-12-04T18:36:53","guid":{"rendered":"http:\/\/wittmunder-teehus.de.w0135315.kasserver.com\/wp-shop\/?post_type=product&#038;p=810"},"modified":"2026-03-11T12:58:27","modified_gmt":"2026-03-11T11:58:27","slug":"na-na-minze-geschnitten","status":"publish","type":"product","link":"https:\/\/wittmunder-teehus.de\/wp-shop\/produkt\/na-na-minze-geschnitten\/","title":{"rendered":"Kr\u00fctertee Na Na Minze, geschnitten"},"content":{"rendered":"<p>Die Marokkanische Minze erinnert an die belebende Frische eines Spearmint-Kaugummis. Der erfrischende Geschmack, ohne die Sch\u00e4rfe des Menthols und die milde S\u00fc\u00dfe runden die<br \/>\nwohltuenden und erfrischenden Eigenschaften dieser Minze ab.<\/p>\n","protected":false},"excerpt":{"rendered":"<p>Die Marokkanische Minze erinnert an die belebende Frische eines Spearmint-Kaugummis. Der erfrischende Geschmack, ohne die Sch\u00e4rfe des Menthols und die milde S\u00fc\u00dfe runden die wohltuenden und erfrischenden Eigenschaften dieser Minze ab.<\/p>\n","protected":false},"featured_media":815,"comment_status":"closed","ping_status":"closed","template":"","meta":[],"product_brand":[],"product_cat":[17],"product_tag":[],"class_list":{"0":"post-810","1":"product","2":"type-product","3":"status-publish","4":"has-post-thumbnail","6":"product_cat-teeliste","8":"first","9":"instock","10":"taxable","11":"shipping-taxable","12":"purchasable","13":"product-type-variable"},"_links":{"self":[{"href":"https:\/\/wittmunder-teehus.de\/wp-shop\/wp-json\/wp\/v2\/product\/810","targetHints":{"allow":["GET"]}}],"collection":[{"href":"https:\/\/wittmunder-teehus.de\/wp-shop\/wp-json\/wp\/v2\/product"}],"about":[{"href":"https:\/\/wittmunder-teehus.de\/wp-shop\/wp-json\/wp\/v2\/types\/product"}],"replies":[{"embeddable":true,"href":"https:\/\/wittmunder-teehus.de\/wp-shop\/wp-json\/wp\/v2\/comments?post=810"}],"wp:featuredmedia":[{"embeddable":true,"href":"https:\/\/wittmunder-teehus.de\/wp-shop\/wp-json\/wp\/v2\/media\/815"}],"wp:attachment":[{"href":"https:\/\/wittmunder-teehus.de\/wp-shop\/wp-json\/wp\/v2\/media?parent=810"}],"wp:term":[{"taxonomy":"product_brand","embeddable":true,"href":"https:\/\/wittmunder-teehus.de\/wp-shop\/wp-json\/wp\/v2\/product_brand?post=810"},{"taxonomy":"product_cat","embeddable":true,"href":"https:\/\/wittmunder-teehus.de\/wp-shop\/wp-json\/wp\/v2\/product_cat?post=810"},{"taxonomy":"product_tag","embeddable":true,"href":"https:\/\/wittmunder-teehus.de\/wp-shop\/wp-json\/wp\/v2\/product_tag?post=810"}],"curies":[{"name":"wp","href":"https:\/\/api.w.org\/{rel}","templated":true}]}}