{"id":8079,"date":"2023-03-07T11:14:35","date_gmt":"2023-03-07T10:14:35","guid":{"rendered":"https:\/\/wittmunder-teehus.de\/wp-shop\/?post_type=product&#038;p=8079"},"modified":"2026-04-11T18:56:31","modified_gmt":"2026-04-11T16:56:31","slug":"fruechtetee-maracuja-orange","status":"publish","type":"product","link":"https:\/\/wittmunder-teehus.de\/wp-shop\/produkt\/fruechtetee-maracuja-orange\/","title":{"rendered":"Fr\u00fcchtetee Maracuja &#8211; Orange"},"content":{"rendered":"<p>Fr\u00fcchtetee Maracuja &#8211; Orange<br \/>\nZutaten: Apfelst\u00fccke, Papayaw\u00fcrfel (Papaya,Zucker), Ananasw\u00fcrfel (Ananas,Zucker), Pfirsichst\u00fccke (Pfirsich,Reismehl), Aroma, Mandarinorangenst\u00fccke, Zitronenschale, Brombeerbl\u00e4tter, Sonnenblumenbl\u00fcten.<\/p>\n","protected":false},"excerpt":{"rendered":"<p>Fr\u00fcchtetee Maracuja &#8211; Orange Zutaten: Apfelst\u00fccke, Papayaw\u00fcrfel (Papaya,Zucker), Ananasw\u00fcrfel (Ananas,Zucker), Pfirsichst\u00fccke (Pfirsich,Reismehl), Aroma, Mandarinorangenst\u00fccke, Zitronenschale, Brombeerbl\u00e4tter, Sonnenblumenbl\u00fcten.<\/p>\n","protected":false},"featured_media":8115,"comment_status":"closed","ping_status":"closed","template":"","meta":[],"product_brand":[],"product_cat":[50],"product_tag":[],"class_list":{"0":"post-8079","1":"product","2":"type-product","3":"status-publish","4":"has-post-thumbnail","6":"product_cat-fruechtetee","8":"first","9":"instock","10":"taxable","11":"shipping-taxable","12":"purchasable","13":"product-type-variable"},"_links":{"self":[{"href":"https:\/\/wittmunder-teehus.de\/wp-shop\/wp-json\/wp\/v2\/product\/8079","targetHints":{"allow":["GET"]}}],"collection":[{"href":"https:\/\/wittmunder-teehus.de\/wp-shop\/wp-json\/wp\/v2\/product"}],"about":[{"href":"https:\/\/wittmunder-teehus.de\/wp-shop\/wp-json\/wp\/v2\/types\/product"}],"replies":[{"embeddable":true,"href":"https:\/\/wittmunder-teehus.de\/wp-shop\/wp-json\/wp\/v2\/comments?post=8079"}],"wp:featuredmedia":[{"embeddable":true,"href":"https:\/\/wittmunder-teehus.de\/wp-shop\/wp-json\/wp\/v2\/media\/8115"}],"wp:attachment":[{"href":"https:\/\/wittmunder-teehus.de\/wp-shop\/wp-json\/wp\/v2\/media?parent=8079"}],"wp:term":[{"taxonomy":"product_brand","embeddable":true,"href":"https:\/\/wittmunder-teehus.de\/wp-shop\/wp-json\/wp\/v2\/product_brand?post=8079"},{"taxonomy":"product_cat","embeddable":true,"href":"https:\/\/wittmunder-teehus.de\/wp-shop\/wp-json\/wp\/v2\/product_cat?post=8079"},{"taxonomy":"product_tag","embeddable":true,"href":"https:\/\/wittmunder-teehus.de\/wp-shop\/wp-json\/wp\/v2\/product_tag?post=8079"}],"curies":[{"name":"wp","href":"https:\/\/api.w.org\/{rel}","templated":true}]}}