{"id":791,"date":"2015-12-04T17:50:56","date_gmt":"2015-12-04T16:50:56","guid":{"rendered":"http:\/\/wittmunder-teehus.de.w0135315.kasserver.com\/wp-shop\/?post_type=product&#038;p=791"},"modified":"2026-03-11T12:58:27","modified_gmt":"2026-03-11T11:58:27","slug":"unter-der-kuscheldecke","status":"publish","type":"product","link":"https:\/\/wittmunder-teehus.de\/wp-shop\/produkt\/unter-der-kuscheldecke\/","title":{"rendered":"Rooibos Tee Unter der Kuscheldecke"},"content":{"rendered":"<p><strong>Nat\u00fcrlich<\/strong> aromatisierter Rotbuschtee mit Zimt\/Orange\/Sahne-Geschmack.<br \/>\nZutaten: Rooibostee, Zitronenschale, Kokoschips(Kokos, Zucker), Zimtst\u00fccke,<br \/>\nrote Johannisbeeren, Birkenbl\u00e4tter, Kornblumenbl\u00fcten, nat\u00fcrliches Aroma.<\/p>\n","protected":false},"excerpt":{"rendered":"<p>Nat\u00fcrlich aromatisierter Rotbuschtee mit Zimt\/Orange\/Sahne-Geschmack. Zutaten: Rooibostee, Zitronenschale, Kokoschips(Kokos, Zucker), Zimtst\u00fccke, rote Johannisbeeren, Birkenbl\u00e4tter, Kornblumenbl\u00fcten, nat\u00fcrliches Aroma.<\/p>\n","protected":false},"featured_media":796,"comment_status":"closed","ping_status":"closed","template":"","meta":[],"product_brand":[],"product_cat":[52],"product_tag":[],"class_list":{"0":"post-791","1":"product","2":"type-product","3":"status-publish","4":"has-post-thumbnail","6":"product_cat-rooibos-tee","8":"first","9":"instock","10":"taxable","11":"shipping-taxable","12":"purchasable","13":"product-type-variable"},"_links":{"self":[{"href":"https:\/\/wittmunder-teehus.de\/wp-shop\/wp-json\/wp\/v2\/product\/791","targetHints":{"allow":["GET"]}}],"collection":[{"href":"https:\/\/wittmunder-teehus.de\/wp-shop\/wp-json\/wp\/v2\/product"}],"about":[{"href":"https:\/\/wittmunder-teehus.de\/wp-shop\/wp-json\/wp\/v2\/types\/product"}],"replies":[{"embeddable":true,"href":"https:\/\/wittmunder-teehus.de\/wp-shop\/wp-json\/wp\/v2\/comments?post=791"}],"wp:featuredmedia":[{"embeddable":true,"href":"https:\/\/wittmunder-teehus.de\/wp-shop\/wp-json\/wp\/v2\/media\/796"}],"wp:attachment":[{"href":"https:\/\/wittmunder-teehus.de\/wp-shop\/wp-json\/wp\/v2\/media?parent=791"}],"wp:term":[{"taxonomy":"product_brand","embeddable":true,"href":"https:\/\/wittmunder-teehus.de\/wp-shop\/wp-json\/wp\/v2\/product_brand?post=791"},{"taxonomy":"product_cat","embeddable":true,"href":"https:\/\/wittmunder-teehus.de\/wp-shop\/wp-json\/wp\/v2\/product_cat?post=791"},{"taxonomy":"product_tag","embeddable":true,"href":"https:\/\/wittmunder-teehus.de\/wp-shop\/wp-json\/wp\/v2\/product_tag?post=791"}],"curies":[{"name":"wp","href":"https:\/\/api.w.org\/{rel}","templated":true}]}}