{"id":7769,"date":"2022-10-14T19:56:46","date_gmt":"2022-10-14T17:56:46","guid":{"rendered":"https:\/\/wittmunder-teehus.de\/wp-shop\/?post_type=product&#038;p=7769"},"modified":"2026-03-11T12:53:20","modified_gmt":"2026-03-11T11:53:20","slug":"friesenherz-de-gode-ostfreesen-tee-1kg","status":"publish","type":"product","link":"https:\/\/wittmunder-teehus.de\/wp-shop\/produkt\/friesenherz-de-gode-ostfreesen-tee-1kg\/","title":{"rendered":"Friesenherz De Gode Ostfreesen Tee 1kg"},"content":{"rendered":"<p>De Gode Ostfreesen Teemischung &#8211; 1000g<br \/>\nSchwarzer Ostfriesentee<\/p>\n<p>In den Regenw\u00e4ldern S\u00fcd-Chinas und Nord-Vietnams wachsen die B\u00e4ume der Teepflanze \u201eCamellia sinensis\u201c. Die dort ans\u00e4ssigen indigenen St\u00e4mme verarbeiten die Bl\u00e4tter dieser B\u00e4ume seit Jahrtausenden zu Gr\u00fcn- und Schwarztee.<br \/>\nDie Bl\u00e4tter f\u00fcr unseren Ostriesentee stammen aus den Regenw\u00e4ldern der Provinz Yen Bai\/Nord-Vietnam und werden von den dort lebenden H\u2019mong und Dao geerntet.<\/p>\n<p>Die Bergst\u00e4mme bringen die frischen Bl\u00e4tter &#8211; aus biozertifizierter Wildsammlung &#8211; zu unseren kleinen Manufakturen, wo sie zur Grundlage f\u00fcr unseren hochwertigen Ostfriesentee verarbeitet werden. Abgerundet wird die Mischung mit Schwarztee aus Bangladesch und Assam, die ebenfalls aus biozertifiziertem Anbau stammen.<\/p>\n<p>Die Erzeuger erhalten von uns f\u00fcr ihre Bio-Tees einen fairen Preis, der deutlich \u00fcber dem Marktniveau liegt.<\/p>\n","protected":false},"excerpt":{"rendered":"<p>De Gode Ostfreesen Teemischung &#8211; 1000g Schwarzer Ostfriesentee In den Regenw\u00e4ldern S\u00fcd-Chinas und Nord-Vietnams wachsen die B\u00e4ume der Teepflanze \u201eCamellia sinensis\u201c. Die dort ans\u00e4ssigen indigenen St\u00e4mme verarbeiten die Bl\u00e4tter dieser B\u00e4ume seit Jahrtausenden zu Gr\u00fcn- und Schwarztee. Die Bl\u00e4tter f\u00fcr unseren Ostriesentee stammen aus den Regenw\u00e4ldern der Provinz Yen Bai\/Nord-Vietnam und werden von den dort [&hellip;]<\/p>\n","protected":false},"featured_media":7770,"comment_status":"closed","ping_status":"closed","template":"","meta":[],"product_brand":[],"product_cat":[49],"product_tag":[],"class_list":{"0":"post-7769","1":"product","2":"type-product","3":"status-publish","4":"has-post-thumbnail","6":"product_cat-ostfriesische-teemischungen","8":"first","9":"instock","10":"taxable","11":"shipping-taxable","12":"purchasable","13":"product-type-simple"},"_links":{"self":[{"href":"https:\/\/wittmunder-teehus.de\/wp-shop\/wp-json\/wp\/v2\/product\/7769","targetHints":{"allow":["GET"]}}],"collection":[{"href":"https:\/\/wittmunder-teehus.de\/wp-shop\/wp-json\/wp\/v2\/product"}],"about":[{"href":"https:\/\/wittmunder-teehus.de\/wp-shop\/wp-json\/wp\/v2\/types\/product"}],"replies":[{"embeddable":true,"href":"https:\/\/wittmunder-teehus.de\/wp-shop\/wp-json\/wp\/v2\/comments?post=7769"}],"wp:featuredmedia":[{"embeddable":true,"href":"https:\/\/wittmunder-teehus.de\/wp-shop\/wp-json\/wp\/v2\/media\/7770"}],"wp:attachment":[{"href":"https:\/\/wittmunder-teehus.de\/wp-shop\/wp-json\/wp\/v2\/media?parent=7769"}],"wp:term":[{"taxonomy":"product_brand","embeddable":true,"href":"https:\/\/wittmunder-teehus.de\/wp-shop\/wp-json\/wp\/v2\/product_brand?post=7769"},{"taxonomy":"product_cat","embeddable":true,"href":"https:\/\/wittmunder-teehus.de\/wp-shop\/wp-json\/wp\/v2\/product_cat?post=7769"},{"taxonomy":"product_tag","embeddable":true,"href":"https:\/\/wittmunder-teehus.de\/wp-shop\/wp-json\/wp\/v2\/product_tag?post=7769"}],"curies":[{"name":"wp","href":"https:\/\/api.w.org\/{rel}","templated":true}]}}