{"id":7708,"date":"2022-08-30T14:42:26","date_gmt":"2022-08-30T12:42:26","guid":{"rendered":"https:\/\/wittmunder-teehus.de\/wp-shop\/?post_type=product&#038;p=7708"},"modified":"2026-03-11T12:53:20","modified_gmt":"2026-03-11T11:53:20","slug":"rooibos-vanille-tonka-lavendel","status":"publish","type":"product","link":"https:\/\/wittmunder-teehus.de\/wp-shop\/produkt\/rooibos-vanille-tonka-lavendel\/","title":{"rendered":"Rooibos Tee Vanille\/Tonka\/Lavendel"},"content":{"rendered":"<p>Rooibos Vanille\/Tonka\/Lavendel<br \/>\nZutaten:Rooibostee, Heidekrautbl\u00fcten, Lavendelbl\u00fcten, Zuckerdino und Sternchenmix, Brombeerbl\u00e4tter, Tonka, Bourbon-Vanille.<br \/>\n<strong>k<\/strong>lasse.<strong>b<\/strong>estes.<strong>A<\/strong>ngebot<\/p>\n","protected":false},"excerpt":{"rendered":"<p>Rooibos Vanille\/Tonka\/Lavendel Zutaten:Rooibostee, Heidekrautbl\u00fcten, Lavendelbl\u00fcten, Zuckerdino und Sternchenmix, Brombeerbl\u00e4tter, Tonka, Bourbon-Vanille. klasse.bestes.Angebot<\/p>\n","protected":false},"featured_media":7751,"comment_status":"closed","ping_status":"closed","template":"","meta":[],"product_brand":[],"product_cat":[52],"product_tag":[],"class_list":{"0":"post-7708","1":"product","2":"type-product","3":"status-publish","4":"has-post-thumbnail","6":"product_cat-rooibos-tee","8":"first","9":"instock","10":"taxable","11":"shipping-taxable","12":"purchasable","13":"product-type-variable"},"_links":{"self":[{"href":"https:\/\/wittmunder-teehus.de\/wp-shop\/wp-json\/wp\/v2\/product\/7708","targetHints":{"allow":["GET"]}}],"collection":[{"href":"https:\/\/wittmunder-teehus.de\/wp-shop\/wp-json\/wp\/v2\/product"}],"about":[{"href":"https:\/\/wittmunder-teehus.de\/wp-shop\/wp-json\/wp\/v2\/types\/product"}],"replies":[{"embeddable":true,"href":"https:\/\/wittmunder-teehus.de\/wp-shop\/wp-json\/wp\/v2\/comments?post=7708"}],"wp:featuredmedia":[{"embeddable":true,"href":"https:\/\/wittmunder-teehus.de\/wp-shop\/wp-json\/wp\/v2\/media\/7751"}],"wp:attachment":[{"href":"https:\/\/wittmunder-teehus.de\/wp-shop\/wp-json\/wp\/v2\/media?parent=7708"}],"wp:term":[{"taxonomy":"product_brand","embeddable":true,"href":"https:\/\/wittmunder-teehus.de\/wp-shop\/wp-json\/wp\/v2\/product_brand?post=7708"},{"taxonomy":"product_cat","embeddable":true,"href":"https:\/\/wittmunder-teehus.de\/wp-shop\/wp-json\/wp\/v2\/product_cat?post=7708"},{"taxonomy":"product_tag","embeddable":true,"href":"https:\/\/wittmunder-teehus.de\/wp-shop\/wp-json\/wp\/v2\/product_tag?post=7708"}],"curies":[{"name":"wp","href":"https:\/\/api.w.org\/{rel}","templated":true}]}}